{"id":11484,"date":"2025-09-22T09:15:26","date_gmt":"2025-09-22T07:15:26","guid":{"rendered":"https:\/\/cbdmedicina.com\/product\/cannasen-psoriazes-gelis-su-cbd-50-ml\/"},"modified":"2026-03-07T00:48:51","modified_gmt":"2026-03-06T22:48:51","slug":"cannasen-psoriazes-gelis-su-cbd-50-ml","status":"publish","type":"product","link":"https:\/\/cbdmedicina.com\/lt\/produktas\/cannasen-psoriazes-gelis-su-cbd-50-ml\/","title":{"rendered":"CANNASEN Psoriaz\u0117s gelis su CBD 50 ml"},"content":{"rendered":"<p data-start=\"0\" data-end=\"407\">Psoriaz\u0117 yra da\u017ena autoimunin\u0117 liga. Kai kuriais atvejais \u0161i odos liga gali b\u016bti paveldima. Tai l\u0117tin\u0117 liga, pasirei\u0161kianti vir\u0161utiniuose odos sluoksniuose, kur naujos odos l\u0105stel\u0117s formuojasi per greitai. D\u0117l to susidaro smulkios baltai sidabrin\u0117s pleiskanos \u2013 tai b\u016bdingas psoriaz\u0117s po\u017eymis. Liga pasi\u017eymi cikli\u0161kumu \u2013 pasirei\u0161kia pa\u016bm\u0117jim\u0173 laikotarpiai ir laikotarpiai, kai liga yra ramyb\u0117s b\u016bsenoje.<\/p>\n<p data-start=\"409\" data-end=\"644\"><strong>CANNASEN\u00ae Psoriaz\u0117s gelis <\/strong>sukurtas tam, kad greitai ir veiksmingai ma\u017eint\u0173 nie\u017e\u0117jim\u0105, paraudim\u0105, odos sausum\u0105 ir ribot\u0173 nauj\u0173 pleiskan\u0173 susidarym\u0105. Ikiklinikiniai tyrimai patvirtina jo veiksmingum\u0105 ma\u017einant psoriaz\u0117s simptomus.<\/p>\n<p data-start=\"646\" data-end=\"869\">Negyvosios j\u016bros druska yra pagrindin\u0117 gelio veiklioji med\u017eiaga, o jos poveik\u012f sustiprina CBD, pantenolis, alavij\u0173 ekstraktas bei A ir E vitaminai. \u0160ios sudedamosios dalys dr\u0117kina, apsaugo ir padeda atkurti od\u0105.<\/p>\n<p data-start=\"871\" data-end=\"1010\">D\u0117l to pa\u017eeistos odos vietos tampa ma\u017eiau skausmingos ir ma\u017eiau nie\u017etin\u010dios, suma\u017e\u0117ja paraudimas, o pleiskanojimas tampa ma\u017eiau ry\u0161kus.<\/p>\n<h5 data-section-id=\"19sl2xx\" data-start=\"1012\" data-end=\"1053\">Kaip veikia CANNASEN\u00ae Psoriaz\u0117s gelis<\/h5>\n<p data-start=\"1055\" data-end=\"1272\">\u012emasa\u017eavus gel\u012f \u012f od\u0105, Negyvosios j\u016bros druska veikia kaip dr\u0117gm\u0117s i\u0161laikytojas ir apsaugo od\u0105 nuo per didelio sausumo. Ji sugeria perteklin\u012f skyst\u012f i\u0161 u\u017edegimin\u0117s ir patinusios odos vietos ir i\u0161laiko j\u012f gelyje.<\/p>\n<p data-start=\"1274\" data-end=\"1505\" data-is-last-node=\"\" data-is-only-node=\"\">Be to, etanolio garavimas sukuria v\u0117sinant\u012f efekt\u0105 sudirgusiai ir nie\u017etin\u010diai odai. \u0160\u012f poveik\u012f dar labiau sustiprina CBD, alavij\u0173 ekstraktas, pantenolis bei A ir E vitaminai, kurie kartu apsaugo ir maitina pa\u017eeist\u0105 od\u0105.<\/p>\n","protected":false},"excerpt":{"rendered":"<article class=\"text-token-text-primary w-full focus:outline-none [--shadow-height:45px] has-data-writing-block:pointer-events-none has-data-writing-block:-mt-(--shadow-height) has-data-writing-block:pt-(--shadow-height) [&amp;:has([data-writing-block])&gt;*]:pointer-events-auto scroll-mt-(--header-height)\" dir=\"auto\" tabindex=\"-1\" data-turn-id=\"c9606d5a-423b-4da2-9c1f-df0523a067eb\" data-testid=\"conversation-turn-603\" data-scroll-anchor=\"false\" data-turn=\"user\">\n<div class=\"text-base my-auto mx-auto pt-12 [--thread-content-margin:var(--thread-content-margin-xs,calc(var(--spacing)*4))] @w-sm\/main:[--thread-content-margin:var(--thread-content-margin-sm,calc(var(--spacing)*6))] @w-lg\/main:[--thread-content-margin:var(--thread-content-margin-lg,calc(var(--spacing)*16))] px-(--thread-content-margin)\">\n<div class=\"[--thread-content-max-width:40rem] @w-lg\/main:[--thread-content-max-width:48rem] mx-auto max-w-(--thread-content-max-width) flex-1 group\/turn-messages focus-visible:outline-hidden relative flex w-full min-w-0 flex-col\" tabindex=\"-1\">\n<div class=\"flex max-w-full flex-col gap-4 grow\">\n<div class=\"min-h-8 text-message relative flex w-full flex-col items-end gap-2 text-start break-words whitespace-normal [.text-message+&amp;]:mt-1\" dir=\"auto\" data-message-author-role=\"user\" data-message-id=\"c9606d5a-423b-4da2-9c1f-df0523a067eb\">\n<div class=\"flex w-full flex-col gap-1 empty:hidden items-end rtl:items-start\">\n<div class=\"user-message-bubble-color corner-superellipse\/0.98 relative rounded-[22px] px-4 py-2.5 leading-6 max-w-(--user-chat-width,70%)\">\n<div class=\"whitespace-pre-wrap\"><\/div>\n<\/div>\n<\/div>\n<\/div>\n<\/div>\n<div class=\"z-0 flex justify-end\"><\/div>\n<\/div>\n<\/div>\n<\/article>\n<article class=\"text-token-text-primary w-full focus:outline-none [--shadow-height:45px] has-data-writing-block:pointer-events-none has-data-writing-block:-mt-(--shadow-height) has-data-writing-block:pt-(--shadow-height) [&amp;:has([data-writing-block])&gt;*]:pointer-events-auto scroll-mt-[calc(var(--header-height)+min(200px,max(70px,20svh)))]\" dir=\"auto\" tabindex=\"-1\" data-turn-id=\"request-69a57282-d7f8-8396-af0d-276a851a8917-123\" data-testid=\"conversation-turn-604\" data-scroll-anchor=\"true\" data-turn=\"assistant\">\n<div class=\"text-base my-auto mx-auto pb-10 [--thread-content-margin:var(--thread-content-margin-xs,calc(var(--spacing)*4))] @w-sm\/main:[--thread-content-margin:var(--thread-content-margin-sm,calc(var(--spacing)*6))] @w-lg\/main:[--thread-content-margin:var(--thread-content-margin-lg,calc(var(--spacing)*16))] px-(--thread-content-margin)\">\n<div class=\"[--thread-content-max-width:40rem] @w-lg\/main:[--thread-content-max-width:48rem] mx-auto max-w-(--thread-content-max-width) flex-1 group\/turn-messages focus-visible:outline-hidden relative flex w-full min-w-0 flex-col agent-turn\" tabindex=\"-1\">\n<div class=\"flex max-w-full flex-col gap-4 grow\">\n<div class=\"min-h-8 text-message relative flex w-full flex-col items-end gap-2 text-start break-words whitespace-normal [.text-message+&amp;]:mt-1\" dir=\"auto\" data-message-author-role=\"assistant\" data-message-id=\"023aa8b3-4f02-4420-96cb-739f628dfc1e\" data-message-model-slug=\"gpt-5-3\">\n<div class=\"flex w-full flex-col gap-1 empty:hidden\">\n<div class=\"markdown prose dark:prose-invert w-full wrap-break-word light markdown-new-styling\">\n<h3 data-start=\"0\" data-end=\"35\"><strong>CANNASEN\u00ae Psoriaz\u0117s gelis 50 ml<\/strong><\/h3>\n<p data-start=\"37\" data-end=\"114\">Veiksmingas palengvinimas esant psoriazei, nie\u017e\u0117jimui ir odos paraudimui.<\/p>\n<p data-start=\"116\" data-end=\"213\">Tinka tiems, kurie ie\u0161ko veiksmingos ir nat\u016bralios alternatyvos psoriaz\u0117s simptom\u0173 ma\u017einimui.<\/p>\n<p data-start=\"215\" data-end=\"515\"><strong>CANNASEN\u00ae Psoriaz\u0117s gelis <\/strong>sukurtas psoriaz\u0117s simptomams ma\u017einti. Gelis suteikia greit\u0105 nie\u017e\u0117jimo palengv\u0117jim\u0105, ma\u017eina paraudim\u0105 ir slopina nauj\u0173 pleiskan\u0173 susidarym\u0105. Jo sud\u0117tyje yra nat\u016brali\u0173 ingredient\u0173 \u2013 Negyvosios j\u016bros druskos, pantenolio, alavij\u0173 ekstrakto, A ir E vitamin\u0173 bei CBD.<\/p>\n<p data-start=\"517\" data-end=\"622\">\u2013 Tinka tiek vyrams, tiek moterims<br data-start=\"555\" data-end=\"558\" \/>\u2013 Klasifikuojamas kaip medicinos prietaisas su CE \u017eenklinimu<\/p>\n<\/div>\n<\/div>\n<\/div>\n<\/div>\n<\/div>\n<\/div>\n<\/article>\n","protected":false},"featured_media":11377,"comment_status":"open","ping_status":"closed","template":"","meta":{"pagelayer_contact_templates":[],"_pagelayer_content":""},"product_brand":[],"product_cat":[1907],"product_tag":[],"class_list":{"0":"post-11484","1":"product","2":"type-product","3":"status-publish","4":"has-post-thumbnail","6":"product_cat-psoriaze","8":"first","9":"instock","10":"sale","11":"taxable","12":"shipping-taxable","13":"purchasable","14":"product-type-simple"},"_links":{"self":[{"href":"https:\/\/cbdmedicina.com\/lt\/wp-json\/wp\/v2\/product\/11484","targetHints":{"allow":["GET"]}}],"collection":[{"href":"https:\/\/cbdmedicina.com\/lt\/wp-json\/wp\/v2\/product"}],"about":[{"href":"https:\/\/cbdmedicina.com\/lt\/wp-json\/wp\/v2\/types\/product"}],"replies":[{"embeddable":true,"href":"https:\/\/cbdmedicina.com\/lt\/wp-json\/wp\/v2\/comments?post=11484"}],"wp:featuredmedia":[{"embeddable":true,"href":"https:\/\/cbdmedicina.com\/lt\/wp-json\/wp\/v2\/media\/11377"}],"wp:attachment":[{"href":"https:\/\/cbdmedicina.com\/lt\/wp-json\/wp\/v2\/media?parent=11484"}],"wp:term":[{"taxonomy":"product_brand","embeddable":true,"href":"https:\/\/cbdmedicina.com\/lt\/wp-json\/wp\/v2\/product_brand?post=11484"},{"taxonomy":"product_cat","embeddable":true,"href":"https:\/\/cbdmedicina.com\/lt\/wp-json\/wp\/v2\/product_cat?post=11484"},{"taxonomy":"product_tag","embeddable":true,"href":"https:\/\/cbdmedicina.com\/lt\/wp-json\/wp\/v2\/product_tag?post=11484"}],"curies":[{"name":"wp","href":"https:\/\/api.w.org\/{rel}","templated":true}]}}