{"id":11483,"date":"2025-09-22T09:28:01","date_gmt":"2025-09-22T07:28:01","guid":{"rendered":"https:\/\/cbdmedicina.com\/product\/cannasen-odos-zaizdu-prieziuros-gelis-su-cbd-50ml\/"},"modified":"2026-03-07T00:42:18","modified_gmt":"2026-03-06T22:42:18","slug":"cannasen-odos-zaizdu-prieziuros-gelis-su-cbd-50ml","status":"publish","type":"product","link":"https:\/\/cbdmedicina.com\/lt\/produktas\/cannasen-odos-zaizdu-prieziuros-gelis-su-cbd-50ml\/","title":{"rendered":"Cannasen\u00ae Odos \u017eaizd\u0173 prie\u017ei\u016bros gelis su CBD 50ml"},"content":{"rendered":"<p data-start=\"0\" data-end=\"175\">Optimalus \u017eaizd\u0173 gijimas gali b\u016bti sud\u0117tingas \u2013 tam reikia tiek laiko, tiek tinkamos prie\u017ei\u016bros. Kad oda tinkamai sugyt\u0173, b\u016btina sudaryti tinkamas s\u0105lygas gijimo procesui.<\/p>\n<p data-start=\"177\" data-end=\"366\">Visada reikia atkreipti d\u0117mes\u012f \u012f infekcijos po\u017eymius. Gilios ar didel\u0117s \u017eaizdos reikalauja skubios prie\u017ei\u016bros ir tinkamo gydymo, kad b\u016bt\u0173 i\u0161vengta infekcij\u0173 ir pagreitintas gijimas.<\/p>\n<p data-start=\"368\" data-end=\"593\"><strong>CANNASEN\u00ae Odos \u017eaizd\u0173 prie\u017ei\u016bros gelis<\/strong> sukurtas \u017eaizd\u0173, nubrozdinim\u0173, \u012fbr\u0117\u017eim\u0173, saul\u0117s nudegim\u0173 ir lengv\u0173 termini\u0173 nudegim\u0173 gydymui. Gelis sudaro apsaugin\u012f sluoksn\u012f, kuris i\u0161laiko odos dr\u0117gm\u0119 ir skatina gijimo proces\u0105.<\/p>\n<h5 data-section-id=\"1diqxe2\" data-start=\"595\" data-end=\"644\">Kaip veikia CANNASEN\u00ae \u017eaizd\u0173 prie\u017ei\u016bros gelis<\/h5>\n<p data-start=\"646\" data-end=\"989\">Kai oda pa\u017eeid\u017eiama \u2013 pavyzd\u017eiui, d\u0117l \u017eaizd\u0173, \u012fbr\u0117\u017eim\u0173 ar nudegim\u0173 \u2013 pa\u017eeid\u017eiama odos apsaugin\u0117 barjera, tod\u0117l ji tampa jautresn\u0117 infekcijoms ir i\u0161saus\u0117jimui. Siekiant sudaryti palankias s\u0105lygas greitam ir efektyviam gijimui, CANNASEN\u00ae \u017eaizd\u0173 prie\u017ei\u016bros gelis sukuria apsaugin\u012f, dr\u0117kinant\u012f ir v\u0117sinant\u012f sluoksn\u012f ant pa\u017eeistos odos.<\/p>\n<p data-start=\"991\" data-end=\"1187\">Tokios sudedamosios dalys kaip CBD, hialurono r\u016bg\u0161tis, provitaminas B5, benzalkonio chloridas ir alantoinasmaitina od\u0105 ir sudaro optimalias s\u0105lygas greitesniam bei efektyvesniam atsistatymui.<\/p>\n<p data-start=\"1189\" data-end=\"1491\" data-is-last-node=\"\" data-is-only-node=\"\">Gelis yra veiksminga priemon\u0117 \u017eaizd\u0173, nubrozdinim\u0173, \u012fbr\u0117\u017eim\u0173, saul\u0117s nudegim\u0173, lengv\u0173 termini\u0173 nudegim\u0173 ir kit\u0173 nedideli\u0173 odos pa\u017eeidim\u0173 atvejais. Tai taip pat puikus pirmosios pagalbos vaistin\u0117l\u0117s papildymas. Kuo grei\u010diau \u017eaizda sugyja, tuo ma\u017eesn\u0117 rand\u0173 ir ilgalaiki\u0173 odos pa\u017eeidim\u0173 tikimyb\u0117.<\/p>\n","protected":false},"excerpt":{"rendered":"<h3 data-start=\"0\" data-end=\"43\"><strong data-start=\"0\" data-end=\"43\">CANNASEN\u00ae \u017eaizd\u0173 prie\u017ei\u016bros gelis 50 ml<\/strong><\/h3>\n<p data-start=\"45\" data-end=\"100\">Skatina \u017eaizd\u0173, \u012fbr\u0117\u017eim\u0173 ir saul\u0117s nudegim\u0173 gijim\u0105.<\/p>\n<p data-start=\"102\" data-end=\"244\">Tinka tiems, kurie ie\u0161ko veiksmingos ir nat\u016bralios priemon\u0117s greitesniam \u017eaizd\u0173, \u012fbr\u0117\u017eim\u0173, nudegim\u0173 ir saul\u0117s pa\u017eeistos odos atsistatymui.<\/p>\n<p data-start=\"246\" data-end=\"554\"><strong>CANNASEN\u00ae \u017eaizd\u0173 prie\u017ei\u016bros gelis <\/strong>\u2013 tai dr\u0117kinantis ir v\u0117sinantis gelis, sukurtas skatinti optimal\u0173 \u017eaizd\u0173 gijimo proces\u0105. Gelis sudaro apsaugin\u012f sluoksn\u012f, kuris i\u0161laiko odos dr\u0117gm\u0119 ir padeda atsinaujinti \u017eaizdoms, nubrozdinimams, \u012fbr\u0117\u017eimams, saul\u0117s nudegimams ir lengviems terminiams nudegimams.<\/p>\n<p data-start=\"556\" data-end=\"661\" data-is-last-node=\"\" data-is-only-node=\"\">\u2013 Tinka tiek vyrams, tiek moterims<br data-start=\"594\" data-end=\"597\" \/>\u2013 Klasifikuojamas kaip medicinos prietaisas su CE \u017eenklinimu<\/p>\n","protected":false},"featured_media":11348,"comment_status":"open","ping_status":"closed","template":"","meta":{"pagelayer_contact_templates":[],"_pagelayer_content":""},"product_brand":[],"product_cat":[1901],"product_tag":[],"class_list":{"0":"post-11483","1":"product","2":"type-product","3":"status-publish","4":"has-post-thumbnail","6":"product_cat-uncategorized-lv","8":"first","9":"instock","10":"sale","11":"taxable","12":"shipping-taxable","13":"purchasable","14":"product-type-simple"},"_links":{"self":[{"href":"https:\/\/cbdmedicina.com\/lt\/wp-json\/wp\/v2\/product\/11483","targetHints":{"allow":["GET"]}}],"collection":[{"href":"https:\/\/cbdmedicina.com\/lt\/wp-json\/wp\/v2\/product"}],"about":[{"href":"https:\/\/cbdmedicina.com\/lt\/wp-json\/wp\/v2\/types\/product"}],"replies":[{"embeddable":true,"href":"https:\/\/cbdmedicina.com\/lt\/wp-json\/wp\/v2\/comments?post=11483"}],"wp:featuredmedia":[{"embeddable":true,"href":"https:\/\/cbdmedicina.com\/lt\/wp-json\/wp\/v2\/media\/11348"}],"wp:attachment":[{"href":"https:\/\/cbdmedicina.com\/lt\/wp-json\/wp\/v2\/media?parent=11483"}],"wp:term":[{"taxonomy":"product_brand","embeddable":true,"href":"https:\/\/cbdmedicina.com\/lt\/wp-json\/wp\/v2\/product_brand?post=11483"},{"taxonomy":"product_cat","embeddable":true,"href":"https:\/\/cbdmedicina.com\/lt\/wp-json\/wp\/v2\/product_cat?post=11483"},{"taxonomy":"product_tag","embeddable":true,"href":"https:\/\/cbdmedicina.com\/lt\/wp-json\/wp\/v2\/product_tag?post=11483"}],"curies":[{"name":"wp","href":"https:\/\/api.w.org\/{rel}","templated":true}]}}