{"id":11482,"date":"2025-09-22T09:43:22","date_gmt":"2025-09-22T07:43:22","guid":{"rendered":"https:\/\/cbdmedicina.com\/product\/cannasen-nosies-apsauginis-gelis-su-cbd-10-ml\/"},"modified":"2026-03-07T00:34:36","modified_gmt":"2026-03-06T22:34:36","slug":"cannasen-nosies-apsauginis-gelis-su-cbd-10-ml","status":"publish","type":"product","link":"https:\/\/cbdmedicina.com\/lt\/produktas\/cannasen-nosies-apsauginis-gelis-su-cbd-10-ml\/","title":{"rendered":"Cannasen\u00ae Nosies apsauginis gelis su CBD 10 ml"},"content":{"rendered":"<p data-start=\"0\" data-end=\"218\">Kv\u0117puodami per nos\u012f, \u012fkvepiame daug nematom\u0173 mikroorganizm\u0173 ir daleli\u0173, pavyzd\u017eiui, dulki\u0173, \u017eiedadulki\u0173, virus\u0173 ir bakterij\u0173. Nosies gleivin\u0117 turi sulaikyti \u0161ias daleles, kad jos nepatekt\u0173 toliau \u012f kv\u0117pavimo takus.<\/p>\n<p data-start=\"220\" data-end=\"570\"><strong>CANNASEN\u00ae Apsauginis nosies gelis <\/strong>sukurtas apsaugoti ir dr\u0117kinti nosies gleivin\u0119, suteikiant papildom\u0105 apsaug\u0105 nuo ore esan\u010di\u0173 daleli\u0173 ir mikroorganizm\u0173, toki\u0173 kaip \u017eiedadulk\u0117s, dulk\u0117s, virusai ir aplinkos tar\u0161a. Produktas padeda suma\u017einti sausumo ir dirginimo poj\u016bt\u012f nosyje, kur\u012f gali sukelti alergija, dulk\u0117s ar sausas patalp\u0173 oras.<\/p>\n<h5 data-section-id=\"oa0ggc\" data-start=\"572\" data-end=\"621\">Kaip veikia CANNASEN\u00ae apsauginis nosies gelis<\/h5>\n<p data-start=\"623\" data-end=\"948\" data-is-last-node=\"\" data-is-only-node=\"\">\u012ekvepiamas oras kartu atne\u0161a nematomas daleles ir mikroorganizmus \u2013 dulkes, \u017eiedadulkes, bakterijas ir kt. U\u017etepus gel\u012f, jis padengia nosies gleivin\u0119 apsaugine pl\u0117vele ir palaiko dr\u0117gm\u0119. Lipnios gelio savyb\u0117s padeda sulaikyti \u0161ias daleles ir mikrobus, taip palaikant nat\u016brali\u0105 nosies gleivin\u0117s apsaugin\u0119 funkcij\u0105.<\/p>\n","protected":false},"excerpt":{"rendered":"<h3 data-start=\"0\" data-end=\"43\"><strong data-start=\"0\" data-end=\"43\">CANNASEN\u00ae apsauginis nosies gelis 10 ml<\/strong><\/h3>\n<p data-start=\"45\" data-end=\"214\">Efektyvi apsauga nuo per\u0161alimo, alergijos ir u\u017egulusios nosies.<br data-start=\"112\" data-end=\"115\" \/>Tinka tiems, kurie ie\u0161ko veiksmingos ir nat\u016bralios apsaugos nuo alergijos, \u0161ienlig\u0117s ir virus\u0173.<\/p>\n<p data-start=\"216\" data-end=\"598\"><strong data-start=\"216\" data-end=\"253\">CANNASEN\u00ae apsauginis nosies gelis<\/strong> \u2013 tai dr\u0117kinamasis gelis, sukurtas dr\u0117kinti ir apsaugoti nosies gleivin\u0119 nuo \u017eiedadulki\u0173, ore esan\u010di\u0173 daleli\u0173, bakterij\u0173 ir virus\u0173. Gelis sudaro apsaugin\u012f sluoksn\u012f ant nosies gleivin\u0117s, kuris padeda apsaugoti nuo dirginimo ir kartu sulaiko tokias daleles kaip dulk\u0117s, \u017eiedadulk\u0117s ir bakterijos, galin\u010dias apsunkinti kv\u0117pavimo takus.<\/p>\n<p data-start=\"600\" data-end=\"705\" data-is-last-node=\"\" data-is-only-node=\"\">\u2013 Tinka tiek vyrams, tiek moterims<br data-start=\"638\" data-end=\"641\" \/>\u2013 Klasifikuojamas kaip medicinos prietaisas su CE \u017eenklinimu<\/p>\n","protected":false},"featured_media":11341,"comment_status":"open","ping_status":"closed","template":"","meta":{"pagelayer_contact_templates":[],"_pagelayer_content":""},"product_brand":[],"product_cat":[1906],"product_tag":[],"class_list":{"0":"post-11482","1":"product","2":"type-product","3":"status-publish","4":"has-post-thumbnail","6":"product_cat-nosies-gleivines-drekinimas","8":"first","9":"instock","10":"sale","11":"taxable","12":"shipping-taxable","13":"purchasable","14":"product-type-simple"},"_links":{"self":[{"href":"https:\/\/cbdmedicina.com\/lt\/wp-json\/wp\/v2\/product\/11482","targetHints":{"allow":["GET"]}}],"collection":[{"href":"https:\/\/cbdmedicina.com\/lt\/wp-json\/wp\/v2\/product"}],"about":[{"href":"https:\/\/cbdmedicina.com\/lt\/wp-json\/wp\/v2\/types\/product"}],"replies":[{"embeddable":true,"href":"https:\/\/cbdmedicina.com\/lt\/wp-json\/wp\/v2\/comments?post=11482"}],"wp:featuredmedia":[{"embeddable":true,"href":"https:\/\/cbdmedicina.com\/lt\/wp-json\/wp\/v2\/media\/11341"}],"wp:attachment":[{"href":"https:\/\/cbdmedicina.com\/lt\/wp-json\/wp\/v2\/media?parent=11482"}],"wp:term":[{"taxonomy":"product_brand","embeddable":true,"href":"https:\/\/cbdmedicina.com\/lt\/wp-json\/wp\/v2\/product_brand?post=11482"},{"taxonomy":"product_cat","embeddable":true,"href":"https:\/\/cbdmedicina.com\/lt\/wp-json\/wp\/v2\/product_cat?post=11482"},{"taxonomy":"product_tag","embeddable":true,"href":"https:\/\/cbdmedicina.com\/lt\/wp-json\/wp\/v2\/product_tag?post=11482"}],"curies":[{"name":"wp","href":"https:\/\/api.w.org\/{rel}","templated":true}]}}