{"id":11481,"date":"2025-09-22T09:52:55","date_gmt":"2025-09-22T07:52:55","guid":{"rendered":"https:\/\/cbdmedicina.com\/product\/cannasen-serumas-nuo-plauku-slinkimo-su-cbd-4x20ml\/"},"modified":"2026-03-07T00:15:39","modified_gmt":"2026-03-06T22:15:39","slug":"cannasen-serumas-nuo-plauku-slinkimo-su-cbd-4x20ml","status":"publish","type":"product","link":"https:\/\/cbdmedicina.com\/lt\/produktas\/cannasen-serumas-nuo-plauku-slinkimo-su-cbd-4x20ml\/","title":{"rendered":"Cannasen\u00ae Serumas nuo plauk\u0173 slinkimo su CBD 4x20ml"},"content":{"rendered":"<p data-start=\"0\" data-end=\"428\">Plauk\u0173 slinkimas yra da\u017enas rei\u0161kinys, kuris paveikia tiek moteris, tiek vyrus. Jis gali neigiamai paveikti pasitik\u0117jim\u0105 savimi ir gyvenimo kokyb\u0119, ypa\u010d jei yra ry\u0161kus arba prasideda staiga. Plauk\u0173 slinkim\u0105 gali sukelti \u012fvair\u016bs veiksniai \u2013 genetinis polinkis, stresas, hormoniniai poky\u010diai ar tam tikros medicinin\u0117s b\u016bkl\u0117s. D\u0117l to plaukai tampa plonesni ir silpnesni, kol galiausiai pradeda slinkti arba nustoja ataugti.<\/p>\n<p data-start=\"430\" data-end=\"961\"><strong>CANNASEN\u00ae Serumas nuo plauk\u0173 slinkimo<\/strong> \u2013 tai klini\u0161kai patikrintas plauk\u0173 serumas su patentuotomis sudedamosiomis dalimis<strong> Redensyl\u00ae, Capixyl\u00ae ir CBD (kanabidioliu),<\/strong> skirtas kosmetiniam paveldimo, hormoninio ir su stresu susijusio plauk\u0173 slinkimo, taip pat \u017eidinin\u0117s alopecijos gydymui. Dokumentuotas poveikis \u2013 skatina intensyvesn\u012f plauk\u0173 augim\u0105 ir storesnius plauk\u0173 stiebus. Serumas padeda atkurti nat\u016bral\u0173 plauk\u0173 augimo cikl\u0105, stiprina plaukus ir gerina galvos odos b\u016bkl\u0119. Tinka tiek vyrams, tiek moterims.<\/p>\n<h5 data-section-id=\"1s2iuej\" data-start=\"963\" data-end=\"1016\">Kaip veikia CANNASEN\u00ae Serumas nuo plauk\u0173 slinkimo:<\/h5>\n<p data-start=\"1018\" data-end=\"1249\">Serume yra patentuotos sudedamosios dalys Redensyl\u00ae ir Capixyl\u00ae, kurios padeda ma\u017einti plauk\u0173 slinkim\u0105, stimuliuodamos plauk\u0173 l\u0105steli\u0173 aktyvum\u0105 ir moduliuodamos hormon\u0105 DHT \u2013 hormon\u0105, kuris sukelia plauk\u0173 folikul\u0173 ma\u017e\u0117jim\u0105.<\/p>\n<ul>\n<li data-start=\"1251\" data-end=\"1413\"><strong>CBD <\/strong>maitina ir saugo galvos odos l\u0105steles, palaiko plauk\u0173 augimo procesus ir padeda atkurti pusiausvyr\u0105, apsaugodamas nuo i\u0161orini\u0173 veiksni\u0173, \u012fskaitant stres\u0105.<\/li>\n<li data-start=\"1415\" data-end=\"1574\"><strong>Pentandiolis<\/strong> padeda i\u0161valyti plauk\u0173 folikulus, o mentolio ir kofeino derinys gerina kraujotak\u0105 ir suteikia papildom\u0173 maistini\u0173 med\u017eiag\u0173 plauk\u0173 \u0161aknims.<\/li>\n<li data-start=\"1576\" data-end=\"1715\"><strong>Capixyl\u00ae<\/strong> sud\u0117tyje yra raudon\u0173j\u0173 dobil\u0173 ekstrakto, kuris ypa\u010d veiksmingai padeda ma\u017einti hormonini\u0173 poky\u010di\u0173 sukelt\u0105 plauk\u0173 slinkim\u0105.<\/li>\n<li data-start=\"1717\" data-end=\"1861\"><strong>Redensyl\u00ae<\/strong> veikia plauk\u0173 kamienines l\u0105steles, palaikydamas j\u0173 aktyvum\u0105 ir keratino gamyb\u0105 plauk\u0173 \u0161aknyse, taip skatindamas plauk\u0173 augim\u0105.<\/li>\n<\/ul>\n<p data-start=\"1863\" data-end=\"2120\" data-is-last-node=\"\" data-is-only-node=\"\">Serumas padeda atkurti plauk\u0173 augimo cikl\u0105, aktyvina kamienines l\u0105steles ir keratino sintez\u0119 plauk\u0173 \u0161aknyse, tod\u0117l skatina plauk\u0173 augim\u0105 gyvuose folikuluose ir padeda i\u0161laikyti plaukus plauk\u0173 svog\u016bn\u0117liuose. Nauji plaukai tampa storesni ir stipresni.<\/p>\n","protected":false},"excerpt":{"rendered":"<h3 data-start=\"0\" data-end=\"49\"><strong>CANNASEN\u00ae serumas nuo plauk\u0173 slinkimo 4\u00d720 ml<\/strong><\/h3>\n<p data-start=\"51\" data-end=\"109\">Efektyvi ir nat\u016brali plauk\u0173 prie\u017ei\u016bra nuo plauk\u0173 slinkimo.<\/p>\n<p data-start=\"111\" data-end=\"238\">Skirtas tiems, kurie ie\u0161ko veiksming\u0173 ir nat\u016brali\u0173 plauk\u0173 prie\u017ei\u016bros produkt\u0173 esant plauk\u0173 slinkimui ir sausai galvos odai.<\/p>\n<p data-start=\"240\" data-end=\"679\">Klini\u0161kai patikrintas plauk\u0173 serumas su patentuotomis sudedamosiomis dalimis <strong>Redensyl\u00ae, Capixyl\u00ae ir CBD (kanabidioliu)<\/strong>, skirtas kosmetiniam paveldimo, hormoninio ir su stresu susijusio plauk\u0173 slinkimo, taip pat \u017eidinin\u0117s alopecijos ma\u017einimui. Dokumentuotas poveikis \u2013 skatina intensyvesn\u012f plauk\u0173 augim\u0105 ir storesnius plauk\u0173 stiebus. Padeda atkurti nat\u016bral\u0173 plauk\u0173 augimo cikl\u0105, stiprina plaukus ir gerina galvos odos b\u016bkl\u0119.<\/p>\n<p data-start=\"681\" data-end=\"718\">Tinka tiek vyrams, tiek moterims.<\/p>\n","protected":false},"featured_media":11386,"comment_status":"open","ping_status":"closed","template":"","meta":{"pagelayer_contact_templates":[],"_pagelayer_content":""},"product_brand":[],"product_cat":[1905],"product_tag":[],"class_list":{"0":"post-11481","1":"product","2":"type-product","3":"status-publish","4":"has-post-thumbnail","6":"product_cat-plauku-slinkimas","8":"first","9":"instock","10":"sale","11":"taxable","12":"shipping-taxable","13":"purchasable","14":"product-type-simple"},"_links":{"self":[{"href":"https:\/\/cbdmedicina.com\/lt\/wp-json\/wp\/v2\/product\/11481","targetHints":{"allow":["GET"]}}],"collection":[{"href":"https:\/\/cbdmedicina.com\/lt\/wp-json\/wp\/v2\/product"}],"about":[{"href":"https:\/\/cbdmedicina.com\/lt\/wp-json\/wp\/v2\/types\/product"}],"replies":[{"embeddable":true,"href":"https:\/\/cbdmedicina.com\/lt\/wp-json\/wp\/v2\/comments?post=11481"}],"wp:featuredmedia":[{"embeddable":true,"href":"https:\/\/cbdmedicina.com\/lt\/wp-json\/wp\/v2\/media\/11386"}],"wp:attachment":[{"href":"https:\/\/cbdmedicina.com\/lt\/wp-json\/wp\/v2\/media?parent=11481"}],"wp:term":[{"taxonomy":"product_brand","embeddable":true,"href":"https:\/\/cbdmedicina.com\/lt\/wp-json\/wp\/v2\/product_brand?post=11481"},{"taxonomy":"product_cat","embeddable":true,"href":"https:\/\/cbdmedicina.com\/lt\/wp-json\/wp\/v2\/product_cat?post=11481"},{"taxonomy":"product_tag","embeddable":true,"href":"https:\/\/cbdmedicina.com\/lt\/wp-json\/wp\/v2\/product_tag?post=11481"}],"curies":[{"name":"wp","href":"https:\/\/api.w.org\/{rel}","templated":true}]}}