{"id":11480,"date":"2025-09-22T10:00:52","date_gmt":"2025-09-22T08:00:52","guid":{"rendered":"https:\/\/cbdmedicina.com\/product\/cannasen-apsaugines-pastiles-nuo-infekciju-20-vnt\/"},"modified":"2026-03-07T00:04:05","modified_gmt":"2026-03-06T22:04:05","slug":"cannasen-apsaugines-pastiles-nuo-infekciju-20-vnt","status":"publish","type":"product","link":"https:\/\/cbdmedicina.com\/lt\/produktas\/cannasen-apsaugines-pastiles-nuo-infekciju-20-vnt\/","title":{"rendered":"Cannasen\u00ae Apsaugin\u0117s pastil\u0117s nuo infekcij\u0173 20 vnt."},"content":{"rendered":"<div class=\"flex flex-col text-sm pb-25\">\n<article class=\"text-token-text-primary w-full focus:outline-none [--shadow-height:45px] has-data-writing-block:pointer-events-none has-data-writing-block:-mt-(--shadow-height) has-data-writing-block:pt-(--shadow-height) [&amp;:has([data-writing-block])&gt;*]:pointer-events-auto scroll-mt-[calc(var(--header-height)+min(200px,max(70px,20svh)))]\" dir=\"auto\" tabindex=\"-1\" data-turn-id=\"request-69a57282-d7f8-8396-af0d-276a851a8917-106\" data-testid=\"conversation-turn-570\" data-scroll-anchor=\"true\" data-turn=\"assistant\">\n<div class=\"text-base my-auto mx-auto pb-10 [--thread-content-margin:var(--thread-content-margin-xs,calc(var(--spacing)*4))] @w-sm\/main:[--thread-content-margin:var(--thread-content-margin-sm,calc(var(--spacing)*6))] @w-lg\/main:[--thread-content-margin:var(--thread-content-margin-lg,calc(var(--spacing)*16))] px-(--thread-content-margin)\">\n<div class=\"[--thread-content-max-width:40rem] @w-lg\/main:[--thread-content-max-width:48rem] mx-auto max-w-(--thread-content-max-width) flex-1 group\/turn-messages focus-visible:outline-hidden relative flex w-full min-w-0 flex-col agent-turn\" tabindex=\"-1\">\n<div class=\"flex max-w-full flex-col gap-4 grow\">\n<div class=\"min-h-8 text-message relative flex w-full flex-col items-end gap-2 text-start break-words whitespace-normal [.text-message+&amp;]:mt-1\" dir=\"auto\" data-message-author-role=\"assistant\" data-message-id=\"0380497e-8e29-4dee-9b3a-b1d908193cd4\" data-message-model-slug=\"gpt-5-3\">\n<div class=\"flex w-full flex-col gap-1 empty:hidden\">\n<div class=\"markdown prose dark:prose-invert w-full wrap-break-word light markdown-new-styling\">\n<p data-start=\"0\" data-end=\"318\">Fizi\u0161kai apsaugo nuo virusini\u0173 ir bakterini\u0173 infekcij\u0173, padeda esant virus\u0173 sukeltam per\u0161alimui.<br data-start=\"104\" data-end=\"107\" \/>Ramina saus\u0105 kosul\u012f ir saugo balso stygas, dr\u0117kina gerkl\u0119.<br data-start=\"169\" data-end=\"172\" \/>Ma\u017eina gerkl\u0117s skausm\u0105, u\u017ekimim\u0105, nie\u017e\u0117jim\u0105 ir dirginim\u0105.<br data-start=\"233\" data-end=\"236\" \/>Palengvina kosul\u012f ir gerkl\u0117s skausm\u0105, kur\u012f sukelia r\u016bkymas ar sausas oras.<\/p>\n<h5 data-section-id=\"1kcqkb8\" data-start=\"320\" data-end=\"379\">Kaip veikia CANNASEN\u00ae apsaugin\u0117s pastil\u0117s nuo infekcij\u0173<\/h5>\n<p data-start=\"381\" data-end=\"694\">Kai \u010diulpiamoji pastil\u0117 i\u0161tirpsta, ji padengia sudirgusi\u0105 gleivin\u0119 apsaugine pl\u0117vele. Gleivin\u0117 nuraminama ir apsaugoma nuo tolesni\u0173 i\u0161orini\u0173 dirgikli\u0173. Be to, \u0161i fizin\u0117 barjera palaiko ir stiprina nat\u016brali\u0105 gleivin\u0117s apsaugin\u0119 funkcij\u0105, tod\u0117l bakterijoms ir virusams tampa sunkiau patekti \u012f organizm\u0105.<\/p>\n<p data-start=\"696\" data-end=\"785\" data-is-last-node=\"\" data-is-only-node=\"\">D\u0117l \u0161io fizinio veikimo mechanizmo nesusidaro atsparumo (rezistenti\u0161kumo) rizika.<\/p>\n<\/div>\n<\/div>\n<\/div>\n<\/div>\n<\/div>\n<\/div>\n<\/article>\n<\/div>\n","protected":false},"excerpt":{"rendered":"<div class=\"flex flex-col text-sm pb-25\">\n<article class=\"text-token-text-primary w-full focus:outline-none [--shadow-height:45px] has-data-writing-block:pointer-events-none has-data-writing-block:-mt-(--shadow-height) has-data-writing-block:pt-(--shadow-height) [&amp;:has([data-writing-block])&gt;*]:pointer-events-auto scroll-mt-[calc(var(--header-height)+min(200px,max(70px,20svh)))]\" dir=\"auto\" tabindex=\"-1\" data-turn-id=\"request-69a57282-d7f8-8396-af0d-276a851a8917-107\" data-testid=\"conversation-turn-572\" data-scroll-anchor=\"true\" data-turn=\"assistant\">\n<div class=\"text-base my-auto mx-auto pb-10 [--thread-content-margin:var(--thread-content-margin-xs,calc(var(--spacing)*4))] @w-sm\/main:[--thread-content-margin:var(--thread-content-margin-sm,calc(var(--spacing)*6))] @w-lg\/main:[--thread-content-margin:var(--thread-content-margin-lg,calc(var(--spacing)*16))] px-(--thread-content-margin)\">\n<div class=\"[--thread-content-max-width:40rem] @w-lg\/main:[--thread-content-max-width:48rem] mx-auto max-w-(--thread-content-max-width) flex-1 group\/turn-messages focus-visible:outline-hidden relative flex w-full min-w-0 flex-col agent-turn\" tabindex=\"-1\">\n<div class=\"flex max-w-full flex-col gap-4 grow\">\n<div class=\"min-h-8 text-message relative flex w-full flex-col items-end gap-2 text-start break-words whitespace-normal [.text-message+&amp;]:mt-1\" dir=\"auto\" data-message-author-role=\"assistant\" data-message-id=\"197fb899-cf00-4ecc-a684-4cf8887adbd8\" data-message-model-slug=\"gpt-5-3\">\n<div class=\"flex w-full flex-col gap-1 empty:hidden\">\n<div class=\"markdown prose dark:prose-invert w-full wrap-break-word light markdown-new-styling\">\n<h3 data-start=\"0\" data-end=\"47\"><strong data-start=\"0\" data-end=\"47\">CANNASEN\u00ae apsaugin\u0117s pastil\u0117s nuo infekcij\u0173<\/strong><\/h3>\n<p data-start=\"49\" data-end=\"488\" data-is-last-node=\"\" data-is-only-node=\"\"><strong data-start=\"49\" data-end=\"96\">CANNASEN\u00ae Apsaugin\u0117s pastil\u0117s nuo infekcij\u0173<\/strong> \u2013 tai gerkl\u0117s \u010diulpiamosios pastil\u0117s su unikaliu veikli\u0173j\u0173 med\u017eiag\u0173 kompleksu: arabine guma, \u0161altalanki\u0173 lap\u0173 ekstraktu ir hialurono r\u016bg\u0161timi. \u0160i\u0173 sudedam\u0173j\u0173 dali\u0173 derinys fizi\u0161kai palaiko nat\u016brali\u0105 burnos ir gerkl\u0117s apsaugin\u0119 barjerin\u0119 funkcij\u0105 nuo infekcijas sukelian\u010di\u0173 virus\u0173 ir bakterij\u0173. \u0160is poveikis pasiekiamas padengiant burnos ir gerkl\u0117s gleivin\u0119 apsaugine pl\u0117vele.<\/p>\n<\/div>\n<\/div>\n<\/div>\n<\/div>\n<\/div>\n<\/div>\n<\/article>\n<\/div>\n","protected":false},"featured_media":11333,"comment_status":"open","ping_status":"closed","template":"","meta":{"pagelayer_contact_templates":[],"_pagelayer_content":""},"product_brand":[],"product_cat":[1904],"product_tag":[],"class_list":{"0":"post-11480","1":"product","2":"type-product","3":"status-publish","4":"has-post-thumbnail","6":"product_cat-apsauga-nuo-virusu","8":"first","9":"instock","10":"sale","11":"taxable","12":"shipping-taxable","13":"purchasable","14":"product-type-simple"},"_links":{"self":[{"href":"https:\/\/cbdmedicina.com\/lt\/wp-json\/wp\/v2\/product\/11480","targetHints":{"allow":["GET"]}}],"collection":[{"href":"https:\/\/cbdmedicina.com\/lt\/wp-json\/wp\/v2\/product"}],"about":[{"href":"https:\/\/cbdmedicina.com\/lt\/wp-json\/wp\/v2\/types\/product"}],"replies":[{"embeddable":true,"href":"https:\/\/cbdmedicina.com\/lt\/wp-json\/wp\/v2\/comments?post=11480"}],"wp:featuredmedia":[{"embeddable":true,"href":"https:\/\/cbdmedicina.com\/lt\/wp-json\/wp\/v2\/media\/11333"}],"wp:attachment":[{"href":"https:\/\/cbdmedicina.com\/lt\/wp-json\/wp\/v2\/media?parent=11480"}],"wp:term":[{"taxonomy":"product_brand","embeddable":true,"href":"https:\/\/cbdmedicina.com\/lt\/wp-json\/wp\/v2\/product_brand?post=11480"},{"taxonomy":"product_cat","embeddable":true,"href":"https:\/\/cbdmedicina.com\/lt\/wp-json\/wp\/v2\/product_cat?post=11480"},{"taxonomy":"product_tag","embeddable":true,"href":"https:\/\/cbdmedicina.com\/lt\/wp-json\/wp\/v2\/product_tag?post=11480"}],"curies":[{"name":"wp","href":"https:\/\/api.w.org\/{rel}","templated":true}]}}