{"id":11479,"date":"2025-12-11T08:53:18","date_gmt":"2025-12-11T06:53:18","guid":{"rendered":"https:\/\/cbdmedicina.com\/product\/11479\/"},"modified":"2026-03-06T23:53:46","modified_gmt":"2026-03-06T21:53:46","slug":"11479","status":"publish","type":"product","link":"https:\/\/cbdmedicina.com\/lt\/produktas\/11479\/","title":{"rendered":"Cannasen\u00ae Skausm\u0105 mal\u0161inantys pleistrai su CBD"},"content":{"rendered":"<p data-start=\"0\" data-end=\"292\">Skausmas gali atsirasti d\u0117l \u012fvairi\u0173 prie\u017eas\u010di\u0173, tod\u0117l svarbu suprasti, kas j\u012f sukelia. Skausm\u0105 mal\u0161inantys pleistrai gali b\u016bti prakti\u0161kas ir veiksmingas b\u016bdas ma\u017einti skausm\u0105 \u2013 nesvarbu, ar tai raumen\u0173, ar s\u0105nari\u0173 skausmas, atsirad\u0119s d\u0117l sportin\u0117s veiklos, artrito ar kit\u0173 prie\u017eas\u010di\u0173.<\/p>\n<p data-start=\"294\" data-end=\"567\"><strong>CANNASEN\u00ae skausm\u0105 mal\u0161inantis pleistras <\/strong>sukurtas ilgalaikiam lokaliam raumen\u0173 ir s\u0105nari\u0173 skausmui ma\u017einti. Pleistrus galima naudoti esant \u012fvairios kilm\u0117s skausmui, pavyzd\u017eiui, nugaros ar kaklo skausmui, sporto traumoms, patempimams ar artrito sukeltam skausmui.<\/p>\n<h5 data-section-id=\"1ugjh0e\" data-start=\"569\" data-end=\"624\">Kaip veikia CANNASEN\u00ae skausm\u0105 mal\u0161inantis pleistras<\/h5>\n<p data-start=\"626\" data-end=\"954\">Kai pleistras u\u017eklijuojamas ant konkre\u010dios vietos, nat\u016brali k\u016bno \u0161iluma palaipsniui i\u0161tirpdo pleistre esan\u010dias sudedam\u0105sias dalis. Taip veikliosios med\u017eiagos ma\u017eomis doz\u0117mis tolygiai patenka tiesiai \u012f pa\u017eeist\u0105 k\u016bno viet\u0105. Tai u\u017etikrina ilgalaik\u012f poveik\u012f ir daro pleistr\u0105 prakti\u0161ku bei patogiu sprendimu skausmui ma\u017einti.<\/p>\n<p data-start=\"956\" data-end=\"1171\" data-is-last-node=\"\" data-is-only-node=\"\">Pleistrai turi veikli\u0105sias ir pagalbines med\u017eiagas, \u012fskaitant CBD, arnik\u0105 ir mentol\u012f. J\u0173 dydis \u2013 5\u00d77 cm, jie yra ploni, diskreti\u0161ki ir elastingi, tod\u0117l lengvai prisitaiko prie k\u016bno linij\u0173 ir judesi\u0173.<\/p>\n","protected":false},"excerpt":{"rendered":"<article class=\"text-token-text-primary w-full focus:outline-none [--shadow-height:45px] has-data-writing-block:pointer-events-none has-data-writing-block:-mt-(--shadow-height) has-data-writing-block:pt-(--shadow-height) [&amp;:has([data-writing-block])&gt;*]:pointer-events-auto scroll-mt-(--header-height)\" dir=\"auto\" tabindex=\"-1\" data-turn-id=\"1e2c73ec-d0ca-4a29-a4be-c07a1f417f38\" data-testid=\"conversation-turn-563\" data-scroll-anchor=\"false\" data-turn=\"user\">\n<div class=\"text-base my-auto mx-auto pt-12 [--thread-content-margin:var(--thread-content-margin-xs,calc(var(--spacing)*4))] @w-sm\/main:[--thread-content-margin:var(--thread-content-margin-sm,calc(var(--spacing)*6))] @w-lg\/main:[--thread-content-margin:var(--thread-content-margin-lg,calc(var(--spacing)*16))] px-(--thread-content-margin)\">\n<div class=\"[--thread-content-max-width:40rem] @w-lg\/main:[--thread-content-max-width:48rem] mx-auto max-w-(--thread-content-max-width) flex-1 group\/turn-messages focus-visible:outline-hidden relative flex w-full min-w-0 flex-col\" tabindex=\"-1\">\n<div class=\"flex max-w-full flex-col gap-4 grow\">\n<div class=\"min-h-8 text-message relative flex w-full flex-col items-end gap-2 text-start break-words whitespace-normal [.text-message+&amp;]:mt-1\" dir=\"auto\" data-message-author-role=\"user\" data-message-id=\"1e2c73ec-d0ca-4a29-a4be-c07a1f417f38\">\n<div class=\"flex w-full flex-col gap-1 empty:hidden items-end rtl:items-start\">\n<div class=\"user-message-bubble-color corner-superellipse\/0.98 relative rounded-[22px] px-4 py-2.5 leading-6 max-w-(--user-chat-width,70%)\">\n<div class=\"whitespace-pre-wrap\"><\/div>\n<\/div>\n<\/div>\n<\/div>\n<\/div>\n<div class=\"z-0 flex justify-end\"><\/div>\n<\/div>\n<\/div>\n<\/article>\n<article class=\"text-token-text-primary w-full focus:outline-none [--shadow-height:45px] has-data-writing-block:pointer-events-none has-data-writing-block:-mt-(--shadow-height) has-data-writing-block:pt-(--shadow-height) [&amp;:has([data-writing-block])&gt;*]:pointer-events-auto scroll-mt-[calc(var(--header-height)+min(200px,max(70px,20svh)))]\" dir=\"auto\" tabindex=\"-1\" data-turn-id=\"request-69a57282-d7f8-8396-af0d-276a851a8917-103\" data-testid=\"conversation-turn-564\" data-scroll-anchor=\"true\" data-turn=\"assistant\">\n<div class=\"text-base my-auto mx-auto pb-10 [--thread-content-margin:var(--thread-content-margin-xs,calc(var(--spacing)*4))] @w-sm\/main:[--thread-content-margin:var(--thread-content-margin-sm,calc(var(--spacing)*6))] @w-lg\/main:[--thread-content-margin:var(--thread-content-margin-lg,calc(var(--spacing)*16))] px-(--thread-content-margin)\">\n<div class=\"[--thread-content-max-width:40rem] @w-lg\/main:[--thread-content-max-width:48rem] mx-auto max-w-(--thread-content-max-width) flex-1 group\/turn-messages focus-visible:outline-hidden relative flex w-full min-w-0 flex-col agent-turn\" tabindex=\"-1\">\n<div class=\"flex max-w-full flex-col gap-4 grow\">\n<div class=\"min-h-8 text-message relative flex w-full flex-col items-end gap-2 text-start break-words whitespace-normal [.text-message+&amp;]:mt-1\" dir=\"auto\" data-message-author-role=\"assistant\" data-message-id=\"f9fb76ff-934b-4e52-a6aa-e841ebd77daa\" data-message-model-slug=\"gpt-5-3\">\n<div class=\"flex w-full flex-col gap-1 empty:hidden\">\n<div class=\"markdown prose dark:prose-invert w-full wrap-break-word light markdown-new-styling\">\n<h3 data-start=\"0\" data-end=\"43\"><strong data-start=\"0\" data-end=\"43\">CANNASEN\u00ae skausm\u0105 mal\u0161inantis pleistras<\/strong><\/h3>\n<p data-start=\"45\" data-end=\"584\" data-is-last-node=\"\" data-is-only-node=\"\">Veiksmingi skausm\u0105 mal\u0161inantys pleistrai su CBD, skirti ilgalaikiam raumen\u0173 ir s\u0105nari\u0173 skausmui. <strong>CANNASEN\u00ae skausm\u0105 mal\u0161inan\u010di\u0173 pleistr\u0173<\/strong> pakuot\u0117je yra 8 pleistrai, kuriuos lengva u\u017eklijuoti tiesiai ant skausmo paveiktos vietos. Pleistras suteikia ilgalaik\u012f, lokal\u0173 skausmo palengvinim\u0105 iki 21 valandos \u2013 nesvarbu, ar tai raumen\u0173 skausmas, artrito sukeltas skausmas, s\u0105nari\u0173 problemos, sporto traumos ar patempimai. Be to, pleistras padeda suma\u017einti patinim\u0105, kai jis u\u017eklijuojamas tiesiai ant skausmingos vietos.<\/p>\n<\/div>\n<\/div>\n<\/div>\n<\/div>\n<\/div>\n<\/div>\n<\/article>\n","protected":false},"featured_media":11285,"comment_status":"open","ping_status":"closed","template":"","meta":{"pagelayer_contact_templates":[],"_pagelayer_content":""},"product_brand":[],"product_cat":[1903],"product_tag":[],"class_list":{"0":"post-11479","1":"product","2":"type-product","3":"status-publish","4":"has-post-thumbnail","6":"product_cat-skausma-malsinantis","8":"first","9":"instock","10":"sale","11":"taxable","12":"shipping-taxable","13":"purchasable","14":"product-type-simple"},"_links":{"self":[{"href":"https:\/\/cbdmedicina.com\/lt\/wp-json\/wp\/v2\/product\/11479","targetHints":{"allow":["GET"]}}],"collection":[{"href":"https:\/\/cbdmedicina.com\/lt\/wp-json\/wp\/v2\/product"}],"about":[{"href":"https:\/\/cbdmedicina.com\/lt\/wp-json\/wp\/v2\/types\/product"}],"replies":[{"embeddable":true,"href":"https:\/\/cbdmedicina.com\/lt\/wp-json\/wp\/v2\/comments?post=11479"}],"wp:featuredmedia":[{"embeddable":true,"href":"https:\/\/cbdmedicina.com\/lt\/wp-json\/wp\/v2\/media\/11285"}],"wp:attachment":[{"href":"https:\/\/cbdmedicina.com\/lt\/wp-json\/wp\/v2\/media?parent=11479"}],"wp:term":[{"taxonomy":"product_brand","embeddable":true,"href":"https:\/\/cbdmedicina.com\/lt\/wp-json\/wp\/v2\/product_brand?post=11479"},{"taxonomy":"product_cat","embeddable":true,"href":"https:\/\/cbdmedicina.com\/lt\/wp-json\/wp\/v2\/product_cat?post=11479"},{"taxonomy":"product_tag","embeddable":true,"href":"https:\/\/cbdmedicina.com\/lt\/wp-json\/wp\/v2\/product_tag?post=11479"}],"curies":[{"name":"wp","href":"https:\/\/api.w.org\/{rel}","templated":true}]}}