{"id":11478,"date":"2025-12-12T11:40:53","date_gmt":"2025-12-12T09:40:53","guid":{"rendered":"https:\/\/cbdmedicina.com\/product\/cannasen-skausmo-ir-artrito-gelis-su-cbd-50ml\/"},"modified":"2026-03-06T23:35:08","modified_gmt":"2026-03-06T21:35:08","slug":"cannasen-skausmo-ir-artrito-gelis-su-cbd-50ml","status":"publish","type":"product","link":"https:\/\/cbdmedicina.com\/lt\/produktas\/cannasen-skausmo-ir-artrito-gelis-su-cbd-50ml\/","title":{"rendered":"Cannasen\u00ae Skausmo ir artrito gelis su CBD 50ml"},"content":{"rendered":"<p data-start=\"0\" data-end=\"361\">Artritas \u2013 tai bendras terminas \u012fvairioms ligoms, kurios gali paveikti s\u0105narius, raumenis ir kaulus. Artrito simptomai gali skirtis priklausomai nuo konkre\u010dios diagnoz\u0117s, ta\u010diau da\u017eniausi simptomai yra skausmas, patinimas, sustingimas ir ribotas judrumas. Deja, artrito visi\u0161kai i\u0161gydyti ne\u012fmanoma, ta\u010diau j\u012f galima gydyti ir simptomus galima suma\u017einti.<\/p>\n<p data-start=\"363\" data-end=\"632\"><strong data-start=\"363\" data-end=\"413\">CANNASEN\u00ae skausm\u0105 mal\u0161inantis ir artrito gelis<\/strong> sukurtas siekiant suma\u017einti skausmingas b\u016bkles, atsirandan\u010dias sergant reumatoidiniu artritu ir osteoartritu. Gelis ma\u017eina skausmo poj\u016bt\u012f ir greitai suteikia v\u0117sinant\u012f efekt\u0105 kar\u0161tiems ir patinusiems s\u0105nariams.<\/p>\n<h5 data-section-id=\"nmtw81\" data-start=\"634\" data-end=\"696\">Kaip veikia<\/h5>\n<h5 data-section-id=\"nmtw81\" data-start=\"634\" data-end=\"696\">CANNASEN\u00ae skausm\u0105 mal\u0161inantis ir artrito gelis<\/h5>\n<p data-start=\"698\" data-end=\"948\">Gelis suteikia greit\u0105 ir malon\u0173 v\u0117sinant\u012f efekt\u0105. \u0160is poveikis atsiranda, kai gelis \u012ftrinamas \u012f od\u0105, o jame esantis alkoholio ir vandens mi\u0161inys i\u0161garuoja. Be skausmo ma\u017einimo, taip pat suma\u017e\u0117ja perteklinis kar\u0161\u010dio poj\u016btis ir patinimas.<\/p>\n<p data-start=\"950\" data-end=\"1106\" data-is-last-node=\"\" data-is-only-node=\"\">Kamparas ir mentolis sustiprina v\u0117sinant\u012f poveik\u012f, ma\u017eina skausm\u0105 ir padeda geliui prasiskverbti per odos barjer\u0105, taip veikdami gilesnius audinius.<\/p>\n","protected":false},"excerpt":{"rendered":"<h3 data-start=\"0\" data-end=\"50\"><strong data-start=\"0\" data-end=\"50\">CANNASEN\u00ae skausm\u0105 mal\u0161inantis ir artrito gelis<\/strong><\/h3>\n<p data-start=\"52\" data-end=\"193\">Skirtas tiems, kurie ie\u0161ko veiksmingos, nat\u016bralios priemon\u0117s skausmui ma\u017einti esant s\u0105nari\u0173 u\u017edegimui, patinimui ir raumen\u0173 skausmui.<\/p>\n<p data-start=\"195\" data-end=\"560\">CANNASEN\u00ae skausm\u0105 mal\u0161inantis ir artrito gelis suteikia v\u0117sinant\u012f efekt\u0105, kuris ma\u017eina skausmingas b\u016bkles, atsirandan\u010dias sergant reumatoidiniu artritu, osteoartritu ar esant skausmingiems raumenims. \u012emasa\u017euojant gel\u012f \u012f od\u0105, jame esantis alkoholio ir vandens mi\u0161inys i\u0161garuoja, tod\u0117l greitai pajuntamas skausmo suma\u017e\u0117jimas ir patinimo ma\u017e\u0117jimas.<\/p>\n<p data-start=\"562\" data-end=\"669\" data-is-last-node=\"\" data-is-only-node=\"\">\u2013 Tinka tiek vyrams, tiek moterims.<br data-start=\"601\" data-end=\"604\" \/>\u2013 Klasifikuojamas kaip medicinos prietaisas su CE \u017eenklinimu.<\/p>\n","protected":false},"featured_media":11287,"comment_status":"open","ping_status":"closed","template":"","meta":{"pagelayer_contact_templates":[],"_pagelayer_content":""},"product_brand":[],"product_cat":[1903],"product_tag":[],"class_list":{"0":"post-11478","1":"product","2":"type-product","3":"status-publish","4":"has-post-thumbnail","6":"product_cat-skausma-malsinantis","8":"first","9":"instock","10":"sale","11":"taxable","12":"shipping-taxable","13":"purchasable","14":"product-type-simple"},"_links":{"self":[{"href":"https:\/\/cbdmedicina.com\/lt\/wp-json\/wp\/v2\/product\/11478","targetHints":{"allow":["GET"]}}],"collection":[{"href":"https:\/\/cbdmedicina.com\/lt\/wp-json\/wp\/v2\/product"}],"about":[{"href":"https:\/\/cbdmedicina.com\/lt\/wp-json\/wp\/v2\/types\/product"}],"replies":[{"embeddable":true,"href":"https:\/\/cbdmedicina.com\/lt\/wp-json\/wp\/v2\/comments?post=11478"}],"wp:featuredmedia":[{"embeddable":true,"href":"https:\/\/cbdmedicina.com\/lt\/wp-json\/wp\/v2\/media\/11287"}],"wp:attachment":[{"href":"https:\/\/cbdmedicina.com\/lt\/wp-json\/wp\/v2\/media?parent=11478"}],"wp:term":[{"taxonomy":"product_brand","embeddable":true,"href":"https:\/\/cbdmedicina.com\/lt\/wp-json\/wp\/v2\/product_brand?post=11478"},{"taxonomy":"product_cat","embeddable":true,"href":"https:\/\/cbdmedicina.com\/lt\/wp-json\/wp\/v2\/product_cat?post=11478"},{"taxonomy":"product_tag","embeddable":true,"href":"https:\/\/cbdmedicina.com\/lt\/wp-json\/wp\/v2\/product_tag?post=11478"}],"curies":[{"name":"wp","href":"https:\/\/api.w.org\/{rel}","templated":true}]}}