{"id":11477,"date":"2026-01-05T17:12:43","date_gmt":"2026-01-05T15:12:43","guid":{"rendered":"https:\/\/cbdmedicina.com\/product\/cannasen-losjonas-atopinei-ir-psoriazinei-odai-su-cbd\/"},"modified":"2026-03-06T21:33:01","modified_gmt":"2026-03-06T19:33:01","slug":"cannasen-losjonas-atopinei-ir-psoriazinei-odai-su-cbd","status":"publish","type":"product","link":"https:\/\/cbdmedicina.com\/lt\/produktas\/cannasen-losjonas-atopinei-ir-psoriazinei-odai-su-cbd\/","title":{"rendered":"CANNASEN\u00ae Losjonas atopinei ir psoriazinei odai su CBD"},"content":{"rendered":"<p data-start=\"0\" data-end=\"174\">Odos l\u0105stel\u0117s yra vienas svarbiausi\u0173 organizmo apsaugos element\u0173 nuo i\u0161orini\u0173 pa\u017eeidim\u0173, tod\u0117l svarbu tinkamai r\u016bpintis oda, naudojant tinkamas odos prie\u017ei\u016bros priemones.<\/p>\n<p data-start=\"176\" data-end=\"352\">Norint i\u0161laikyti sveik\u0105 od\u0105, svarbu naudoti odos prie\u017ei\u016bros produktus, kurie yra specialiai sukurti stiprinti nat\u016brali\u0105 odos apsaugin\u0119 barjer\u0105 ir gerinti bendr\u0105 odos b\u016bkl\u0119.<\/p>\n<p data-start=\"354\" data-end=\"660\">CANNASEN\u00ae Losjonas atopinei ir psoriaz\u0117s pa\u017eeistai odai su CBD sukurtas kasdienei psoriaz\u0117s, sausos ir atopin\u0117s odos prie\u017ei\u016brai. Losjonas yra dermatologi\u0161kai ir naudojimo po\u017ei\u016briu i\u0161bandytas, o jo veiksmingumas ma\u017einant sausum\u0105, paraudim\u0105, nie\u017e\u0117jim\u0105 ir odos pleiskanojim\u0105 yra dokumentuotas.<\/p>\n<h3 data-section-id=\"1ffd9nx\" data-start=\"662\" data-end=\"733\">Kaip veikia CANNASEN\u00ae losjonas atopinei ir psoriaz\u0117s pa\u017eeistai odai<\/h3>\n<p data-start=\"735\" data-end=\"1030\">Losjone esan\u010dios \u012fvairios aliejin\u0117s sudedamosios dalys maitina ir dr\u0117kina od\u0105, greitai \u012fsigeria ir palieka apsaugin\u012f sluoksn\u012f. Oda nelieka lipni ar riebi, o apsauginis sluoksnis padeda i\u0161laikyti dr\u0117gm\u0119, taip suma\u017eindamas tempimo poj\u016bt\u012f. Losjonas i\u0161bandytas ant alergijoms linkusios odos.<\/p>\n<p data-start=\"1032\" data-end=\"1239\" data-is-last-node=\"\" data-is-only-node=\"\">Kanapi\u0173 aliejaus, CBD, alavij\u0173 sul\u010di\u0173 ir pantenolio derinys padeda palaikyti dr\u0117gm\u0117s balans\u0105 ir stiprina odos apsaugines bei regeneracines savybes. Vitaminai A ir E padeda atkurti ir sustiprinti od\u0105.<\/p>\n","protected":false},"excerpt":{"rendered":"<h3 data-start=\"0\" data-end=\"59\"><strong>CANNASEN\u00ae Losjonas atopinei ir psoriaz\u0117s pa\u017eeistai odai<\/strong><\/h3>\n<p data-start=\"61\" data-end=\"237\">Losjonas kasdienei odos prie\u017ei\u016brai esant psoriazei, sausai ir atopinei odai. Dr\u0117kinam\u0105j\u012f poveik\u012f turintis, nat\u016bralus losjonas psoriaz\u0117s, sausos ir atopin\u0117s odos prie\u017ei\u016brai.<\/p>\n<p data-start=\"239\" data-end=\"612\" data-is-last-node=\"\" data-is-only-node=\"\"><strong>CANNASEN\u00ae losjonas atopinei ir psoriaz\u0117s pa\u017eeistai odai<\/strong> <strong>su CBD<\/strong> padeda suma\u017einti nie\u017e\u0117jim\u0105 ir odos tempimo poj\u016bt\u012f, ma\u017eina odos paraudim\u0105, tuo pa\u010diu pagerina odos i\u0161vaizd\u0105 ir daro j\u0105 \u0161velnesn\u0119. Losjone n\u0117ra sudedam\u0173j\u0173 dali\u0173, galin\u010di\u0173 sukelti alergines reakcijas ar dirginim\u0105, tod\u0117l \u0161i\u0105 prie\u017ei\u016bros priemon\u0119 gali naudoti ir \u017emon\u0117s, turintys \u017einom\u0173 alergij\u0173.<\/p>\n","protected":false},"featured_media":11284,"comment_status":"open","ping_status":"closed","template":"","meta":{"pagelayer_contact_templates":[],"_pagelayer_content":""},"product_brand":[],"product_cat":[1907],"product_tag":[],"class_list":{"0":"post-11477","1":"product","2":"type-product","3":"status-publish","4":"has-post-thumbnail","6":"product_cat-psoriaze","8":"first","9":"instock","10":"sale","11":"taxable","12":"shipping-taxable","13":"purchasable","14":"product-type-simple"},"_links":{"self":[{"href":"https:\/\/cbdmedicina.com\/lt\/wp-json\/wp\/v2\/product\/11477","targetHints":{"allow":["GET"]}}],"collection":[{"href":"https:\/\/cbdmedicina.com\/lt\/wp-json\/wp\/v2\/product"}],"about":[{"href":"https:\/\/cbdmedicina.com\/lt\/wp-json\/wp\/v2\/types\/product"}],"replies":[{"embeddable":true,"href":"https:\/\/cbdmedicina.com\/lt\/wp-json\/wp\/v2\/comments?post=11477"}],"wp:featuredmedia":[{"embeddable":true,"href":"https:\/\/cbdmedicina.com\/lt\/wp-json\/wp\/v2\/media\/11284"}],"wp:attachment":[{"href":"https:\/\/cbdmedicina.com\/lt\/wp-json\/wp\/v2\/media?parent=11477"}],"wp:term":[{"taxonomy":"product_brand","embeddable":true,"href":"https:\/\/cbdmedicina.com\/lt\/wp-json\/wp\/v2\/product_brand?post=11477"},{"taxonomy":"product_cat","embeddable":true,"href":"https:\/\/cbdmedicina.com\/lt\/wp-json\/wp\/v2\/product_cat?post=11477"},{"taxonomy":"product_tag","embeddable":true,"href":"https:\/\/cbdmedicina.com\/lt\/wp-json\/wp\/v2\/product_tag?post=11477"}],"curies":[{"name":"wp","href":"https:\/\/api.w.org\/{rel}","templated":true}]}}