{"id":11467,"date":"2025-10-07T07:21:14","date_gmt":"2025-10-07T05:21:14","guid":{"rendered":"https:\/\/cbdmedicina.com\/?page_id=11467"},"modified":"2026-03-06T21:04:23","modified_gmt":"2026-03-06T19:04:23","slug":"produkti-un-attistibas-virzieni","status":"publish","type":"page","link":"https:\/\/cbdmedicina.com\/lt\/produkti-un-attistibas-virzieni\/","title":{"rendered":"Produkti un att\u012bst\u012bbas virzieni"},"content":{"rendered":"\t\t<div data-elementor-type=\"wp-post\" data-elementor-id=\"11467\" class=\"elementor elementor-11467 elementor-10351\">\n\t\t\t\t\t\t<section class=\"elementor-section elementor-top-section elementor-element elementor-element-cb12108 elementor-section-boxed elementor-section-height-default elementor-section-height-default sc_fly_static\" data-id=\"cb12108\" data-element_type=\"section\">\n\t\t\t\t\t\t<div class=\"elementor-container elementor-column-gap-extended\">\n\t\t\t\t\t<div class=\"elementor-column elementor-col-100 elementor-top-column elementor-element elementor-element-4b29e495 sc_content_align_inherit sc_layouts_column_icons_position_left sc_fly_static\" data-id=\"4b29e495\" data-element_type=\"column\">\n\t\t\t<div class=\"elementor-widget-wrap elementor-element-populated\">\n\t\t\t\t\t\t<div class=\"elementor-element elementor-element-3b39a1e5 sc_fly_static elementor-widget elementor-widget-text-editor\" data-id=\"3b39a1e5\" data-element_type=\"widget\" data-widget_type=\"text-editor.default\">\n\t\t\t\t<div class=\"elementor-widget-container\">\n\t\t\t\t\t\t\t\t\t<div class=\"flex flex-col text-sm pb-25\"><article class=\"text-token-text-primary w-full focus:outline-none [--shadow-height:45px] has-data-writing-block:pointer-events-none has-data-writing-block:-mt-(--shadow-height) has-data-writing-block:pt-(--shadow-height) [&amp;:has([data-writing-block])&gt;*]:pointer-events-auto scroll-mt-[calc(var(--header-height)+min(200px,max(70px,20svh)))]\" dir=\"auto\" tabindex=\"-1\" data-turn-id=\"request-69a57282-d7f8-8396-af0d-276a851a8917-74\" data-testid=\"conversation-turn-506\" data-scroll-anchor=\"true\" data-turn=\"assistant\"><div class=\"text-base my-auto mx-auto pb-10 [--thread-content-margin:var(--thread-content-margin-xs,calc(var(--spacing)*4))] @w-sm\/main:[--thread-content-margin:var(--thread-content-margin-sm,calc(var(--spacing)*6))] @w-lg\/main:[--thread-content-margin:var(--thread-content-margin-lg,calc(var(--spacing)*16))] px-(--thread-content-margin)\"><div class=\"[--thread-content-max-width:40rem] @w-lg\/main:[--thread-content-max-width:48rem] mx-auto max-w-(--thread-content-max-width) flex-1 group\/turn-messages focus-visible:outline-hidden relative flex w-full min-w-0 flex-col agent-turn\" tabindex=\"-1\"><div class=\"flex max-w-full flex-col gap-4 grow\"><div class=\"min-h-8 text-message relative flex w-full flex-col items-end gap-2 text-start break-words whitespace-normal [.text-message+&amp;]:mt-1\" dir=\"auto\" data-message-author-role=\"assistant\" data-message-id=\"0f1b80ea-3904-499d-aefe-fcab33165641\" data-message-model-slug=\"gpt-5-3\"><div class=\"flex w-full flex-col gap-1 empty:hidden\"><div class=\"markdown prose dark:prose-invert w-full wrap-break-word light markdown-new-styling\"><h1 data-start=\"0\" data-end=\"62\">CANNASEN\u00ae pagrindiniai CBD produktai ir j\u0173 vystymo kryptys<\/h1><\/div><\/div><\/div><\/div><div class=\"z-0 flex min-h-[46px] justify-start\">\u00a0<\/div><div class=\"mt-3 w-full empty:hidden\">\u00a0<\/div><\/div><\/div><\/article><\/div><p data-start=\"0\" data-end=\"104\">Produkt\u0173 portfelis atspindi moksli\u0161kai pagr\u012fst\u0105 CBD naudojimo po\u017ei\u016br\u012f ir nuolatin\u0119 inovacij\u0173 pl\u0117tr\u0105.<\/p><p data-start=\"106\" data-end=\"355\">Jei planuojate pirm\u0105 kart\u0105 i\u0161bandyti CBD, verta \u017einoti, \u012f k\u0105 atkreipti d\u0117mes\u012f prie\u0161 pasirenkant produkt\u0105, kuris geriausiai atitinka j\u016bs\u0173 poreikius. CBD produkt\u0173 veiksmingumas daugiausia priklauso nuo vartojimo b\u016bdo ir CBD koncentracijos.<\/p><p data-start=\"357\" data-end=\"656\">Pasaulio sveikatos organizacija yra nurod\u017eiusi, kad CBD paprastai yra gerai toleruojamas ir pasi\u017eymi saugiu vartojimo profiliu. Ta\u010diau svarbu patikrinti pasirinkto produkto tikr\u0105j\u0105 CBD koncentracij\u0105 ir \u012fsitikinti, kad jo veiksmingumas ir saugumas yra moksli\u0161kai pagr\u012fsti ir patikimi.<\/p><p data-start=\"658\" data-end=\"740\">Jei esate n\u0117\u0161\u010dia arba vartojate vaistus, rekomenduojama pasitarti su gydytoju.<\/p><p data-start=\"742\" data-end=\"862\" data-is-last-node=\"\" data-is-only-node=\"\">Renkantis tinkamiausi\u0105 CBD produkt\u0105, pirmiausia reik\u0117t\u0173 nuspr\u0119sti, kuris vartojimo b\u016bdas jums yra tinkamiausias.<\/p><p><style type=\"text\/css\">.trx_addons_inline_1414846480{color: #0C0B0B;}<\/style><\/p><h3>CANNASEN\u00ae pagrindiniai produktai<\/h3><h4>Artritas<\/h4><h5 data-start=\"58\" data-end=\"74\">\u00a0<\/h5><h5 data-start=\"58\" data-end=\"74\"><img fetchpriority=\"high\" decoding=\"async\" src=\"https:\/\/cbdmedicina.com\/wp-content\/uploads\/2025\/10\/Arthritis-blue.jpg\" alt=\"\" width=\"1000\" height=\"600\" \/><\/h5><h5>CANNASEN\u00ae Skausm\u0105 mal\u0161inantis pleistras<\/h5><ul><li>Ma\u017eina skausm\u0105 ir sustingimo poj\u016bt\u012f, suteikia v\u0117sinant\u012f efekt\u0105 ir gerina judrum\u0105.<\/li><li>Kokyb\u0117 patikrinta ir patvirtinta pagal Europos medicinos prietais\u0173 direktyv\u0105 (MDD), o produktas \u0161iuo metu atnaujinamas pagal Medicinos prietais\u0173 reglament\u0105 (MDR).<\/li><li>Veiksmingumas \u012frodytas ikiklinikiniuose tyrimuose, \u0161iuo metu vykdomas klinikinis tyrimas.<\/li><li>Patentavimo procese \u2013 klasifikuojamas kaip medicinos prietaisas.<\/li><\/ul><h4>Psoriaz\u0117<\/h4><h5 data-start=\"58\" data-end=\"74\">\u00a0<\/h5><h5 data-start=\"58\" data-end=\"74\"><img decoding=\"async\" src=\"https:\/\/cbdmedicina.com\/wp-content\/uploads\/2025\/10\/Psoriasis-blue-2.0.jpg\" alt=\"\" width=\"1000\" height=\"600\" \/><\/h5><h5>CANNASEN\u00ae Psoriaz\u0117s gelis<\/h5><ul><li data-start=\"99\" data-end=\"194\">Ma\u017eina nie\u017e\u0117jim\u0105, paraudim\u0105 ir odos sausum\u0105, suteikia v\u0117sinant\u012f efekt\u0105 ir intensyviai dr\u0117kina od\u0105.<\/li><li data-start=\"99\" data-end=\"194\">Kokyb\u0117 patikrinta ir patvirtinta pagal Europos medicinos prietais\u0173 direktyv\u0105 (MDD), o produktas \u0161iuo metu atnaujinamas pagal Medicinos prietais\u0173 reglament\u0105 (MDR).<\/li><li data-start=\"99\" data-end=\"194\">Veiksmingumas \u012frodytas ikiklinikiniuose tyrimuose, \u0161iuo metu vykdomas klinikinis tyrimas.<\/li><li data-start=\"99\" data-end=\"194\">Patentavimo procese \u2013 klasifikuojamas kaip medicinos prietaisas.<\/li><\/ul><h4>Virusai ir bakterijos<\/h4><h5 data-start=\"58\" data-end=\"74\">\u00a0<\/h5><h5 data-start=\"58\" data-end=\"74\"><img decoding=\"async\" src=\"https:\/\/cbdmedicina.com\/wp-content\/uploads\/2025\/10\/covid-19-blue-500x300-1.png\" alt=\"\" width=\"500\" height=\"300\" \/><\/h5><h5>CANNASEN\u00ae Nosies apsauginis gelis<\/h5><ul><li data-start=\"99\" data-end=\"194\"><p data-start=\"0\" data-end=\"114\">Padeda apsaugoti nuo bakterij\u0173 ir virus\u0173.<\/p><\/li><li data-start=\"99\" data-end=\"194\"><p data-start=\"0\" data-end=\"114\">Dermatologi\u0161kai patikrintas.<\/p><\/li><li data-start=\"99\" data-end=\"194\"><p data-start=\"0\" data-end=\"114\">Patvirtintas naudojimo veiksmingumas.<\/p><p data-start=\"116\" data-end=\"303\" data-is-last-node=\"\" data-is-only-node=\"\">CBD produkt\u0173 pl\u0117tros kryptis orientuota \u012f tas terapines sritis, kuriose, m\u016bs\u0173 nuomone, kanabinoid\u0173 naudojimas suteikia geriausias galimybes u\u017etikrinti auk\u0161tos kokyb\u0117s gydym\u0105 ir prie\u017ei\u016br\u0105.<\/p><\/li><\/ul><h3>Sertifikatai ir gair\u0117s<\/h3><div class=\"flex flex-col text-sm pb-25\"><article class=\"text-token-text-primary w-full focus:outline-none [--shadow-height:45px] has-data-writing-block:pointer-events-none has-data-writing-block:-mt-(--shadow-height) has-data-writing-block:pt-(--shadow-height) [&amp;:has([data-writing-block])&gt;*]:pointer-events-auto scroll-mt-[calc(var(--header-height)+min(200px,max(70px,20svh)))]\" dir=\"auto\" tabindex=\"-1\" data-turn-id=\"request-69a57282-d7f8-8396-af0d-276a851a8917-85\" data-testid=\"conversation-turn-528\" data-scroll-anchor=\"true\" data-turn=\"assistant\"><div class=\"text-base my-auto mx-auto pb-10 [--thread-content-margin:var(--thread-content-margin-xs,calc(var(--spacing)*4))] @w-sm\/main:[--thread-content-margin:var(--thread-content-margin-sm,calc(var(--spacing)*6))] @w-lg\/main:[--thread-content-margin:var(--thread-content-margin-lg,calc(var(--spacing)*16))] px-(--thread-content-margin)\"><div class=\"[--thread-content-max-width:40rem] @w-lg\/main:[--thread-content-max-width:48rem] mx-auto max-w-(--thread-content-max-width) flex-1 group\/turn-messages focus-visible:outline-hidden relative flex w-full min-w-0 flex-col agent-turn\" tabindex=\"-1\"><div class=\"flex max-w-full flex-col gap-4 grow\"><div class=\"min-h-8 text-message relative flex w-full flex-col items-end gap-2 text-start break-words whitespace-normal [.text-message+&amp;]:mt-1\" dir=\"auto\" data-message-author-role=\"assistant\" data-message-id=\"37d08386-8cae-4516-a689-624f11fd2aa9\" data-message-model-slug=\"gpt-5-3\"><div class=\"flex w-full flex-col gap-1 empty:hidden\"><div class=\"markdown prose dark:prose-invert w-full wrap-break-word light markdown-new-styling\"><p data-start=\"0\" data-end=\"83\" data-is-last-node=\"\" data-is-only-node=\"\">Sertifikatai ir gair\u0117s, kuri\u0173 laikomasi CANNASEN\u00ae CBD produkt\u0173 gamybos procese.<\/p><\/div><\/div><\/div><\/div><div class=\"mt-3 w-full empty:hidden\">\u00a0<\/div><\/div><\/div><\/article><\/div><p><style type=\"text\/css\">.trx_addons_inline_772391824{color: #0C0B0B;}<\/style><\/p><p><img loading=\"lazy\" decoding=\"async\" src=\"https:\/\/cbdmedicina.com\/wp-content\/uploads\/2025\/10\/Certificates-2.png-768x279.webp\" sizes=\"(max-width: 768px) 100vw, 768px\" srcset=\"https:\/\/cbdmedicina.com\/wp-content\/uploads\/2025\/10\/Certificates-2.png-768x279.webp 768w, https:\/\/cbdmedicina.com\/wp-content\/uploads\/2025\/10\/Certificates-2.png-600x218.webp 600w, https:\/\/cbdmedicina.com\/wp-content\/uploads\/2025\/10\/Certificates-2.png-300x109.webp 300w, https:\/\/cbdmedicina.com\/wp-content\/uploads\/2025\/10\/Certificates-2.png-1024x372.webp 1024w, https:\/\/cbdmedicina.com\/wp-content\/uploads\/2025\/10\/Certificates-2.png-370x134.webp 370w, https:\/\/cbdmedicina.com\/wp-content\/uploads\/2025\/10\/Certificates-2.png-780x283.webp 780w, https:\/\/cbdmedicina.com\/wp-content\/uploads\/2025\/10\/Certificates-2.png-390x142.webp 390w, https:\/\/cbdmedicina.com\/wp-content\/uploads\/2025\/10\/Certificates-2.png.webp 1198w\" alt=\"\" width=\"768\" height=\"279\" \/><\/p>\t\t\t\t\t\t\t\t<\/div>\n\t\t\t\t<\/div>\n\t\t\t\t\t<\/div>\n\t\t<\/div>\n\t\t\t\t\t<\/div>\n\t\t<\/section>\n\t\t\t\t<\/div>\n\t\t","protected":false},"excerpt":{"rendered":"<p>CANNASEN\u00ae pagrindiniai CBD produktai ir j\u0173 vystymo kryptys \u00a0\u00a0 Produkt\u0173 portfelis atspindi moksli\u0161kai pagr\u012fst\u0105 CBD naudojimo po\u017ei\u016br\u012f ir nuolatin\u0119 inovacij\u0173 pl\u0117tr\u0105. Jei planuojate pirm\u0105 kart\u0105 i\u0161bandyti CBD, verta \u017einoti, \u012f k\u0105 atkreipti d\u0117mes\u012f prie\u0161 pasirenkant produkt\u0105, kuris geriausiai atitinka j\u016bs\u0173 poreikius. CBD produkt\u0173 veiksmingumas daugiausia priklauso nuo vartojimo b\u016bdo ir CBD koncentracijos. Pasaulio sveikatos organizacija&hellip;<\/p>\n","protected":false},"author":1,"featured_media":0,"parent":0,"menu_order":0,"comment_status":"closed","ping_status":"closed","template":"elementor_header_footer","meta":{"pagelayer_contact_templates":[],"_pagelayer_content":"","footnotes":""},"class_list":["post-11467","page","type-page","status-publish","hentry"],"_links":{"self":[{"href":"https:\/\/cbdmedicina.com\/lt\/wp-json\/wp\/v2\/pages\/11467","targetHints":{"allow":["GET"]}}],"collection":[{"href":"https:\/\/cbdmedicina.com\/lt\/wp-json\/wp\/v2\/pages"}],"about":[{"href":"https:\/\/cbdmedicina.com\/lt\/wp-json\/wp\/v2\/types\/page"}],"author":[{"embeddable":true,"href":"https:\/\/cbdmedicina.com\/lt\/wp-json\/wp\/v2\/users\/1"}],"replies":[{"embeddable":true,"href":"https:\/\/cbdmedicina.com\/lt\/wp-json\/wp\/v2\/comments?post=11467"}],"version-history":[{"count":3,"href":"https:\/\/cbdmedicina.com\/lt\/wp-json\/wp\/v2\/pages\/11467\/revisions"}],"predecessor-version":[{"id":11471,"href":"https:\/\/cbdmedicina.com\/lt\/wp-json\/wp\/v2\/pages\/11467\/revisions\/11471"}],"wp:attachment":[{"href":"https:\/\/cbdmedicina.com\/lt\/wp-json\/wp\/v2\/media?parent=11467"}],"curies":[{"name":"wp","href":"https:\/\/api.w.org\/{rel}","templated":true}]}}