{"id":11335,"date":"2025-09-21T21:36:31","date_gmt":"2025-09-21T19:36:31","guid":{"rendered":"https:\/\/cbdmedicina.com\/?page_id=11335"},"modified":"2026-03-09T12:21:21","modified_gmt":"2026-03-09T10:21:21","slug":"cannasen-aizsargajosas-pastilas-pret-infekcijam-n20","status":"publish","type":"page","link":"https:\/\/cbdmedicina.com\/lt\/cannasen-aizsargajosas-pastilas-pret-infekcijam-n20\/","title":{"rendered":"CANNASEN Aizsarg\u0101jo\u0161\u0101s pastilas pret infekcij\u0101m N20"},"content":{"rendered":"\t\t<div data-elementor-type=\"wp-post\" data-elementor-id=\"11335\" class=\"elementor elementor-11335 elementor-10029\">\n\t\t\t\t\t\t<section class=\"elementor-section elementor-top-section elementor-element elementor-element-af620f8 elementor-section-content-middle elementor-section-boxed elementor-section-height-default elementor-section-height-default sc_fly_static\" data-id=\"af620f8\" data-element_type=\"section\">\n\t\t\t\t\t\t<div class=\"elementor-container elementor-column-gap-default\">\n\t\t\t\t\t<div data-animation-type=\"block\" class=\"elementor-column elementor-col-33 elementor-top-column elementor-element elementor-element-e49a2a8 sc_content_align_inherit sc_layouts_column_icons_position_left animation_type_block sc_fly_static elementor-invisible\" data-id=\"e49a2a8\" data-element_type=\"column\" data-settings=\"{&quot;animation&quot;:&quot;fadeIn&quot;}\">\n\t\t\t<div class=\"elementor-widget-wrap elementor-element-populated\">\n\t\t\t\t\t\t<div class=\"elementor-element elementor-element-f09de44 sc_fly_static elementor-widget elementor-widget-image\" data-id=\"f09de44\" data-element_type=\"widget\" data-widget_type=\"image.default\">\n\t\t\t\t<div class=\"elementor-widget-container\">\n\t\t\t\t\t\t\t\t\t\t\t\t\t\t\t<img fetchpriority=\"high\" decoding=\"async\" width=\"2492\" height=\"2493\" src=\"https:\/\/cbdmedicina.com\/wp-content\/uploads\/2025\/09\/Cannasen-pastilas-pret-infekcijam.webp\" class=\"attachment-full size-full wp-image-11333\" alt=\"CANNASEN Apsaugin\u0117s pastil\u0117s nuo infekcij\u0173\" srcset=\"https:\/\/cbdmedicina.com\/wp-content\/uploads\/2025\/09\/Cannasen-pastilas-pret-infekcijam.webp 2492w, https:\/\/cbdmedicina.com\/wp-content\/uploads\/2025\/09\/Cannasen-pastilas-pret-infekcijam-300x300.webp 300w, https:\/\/cbdmedicina.com\/wp-content\/uploads\/2025\/09\/Cannasen-pastilas-pret-infekcijam-150x150.webp 150w, https:\/\/cbdmedicina.com\/wp-content\/uploads\/2025\/09\/Cannasen-pastilas-pret-infekcijam-600x600.webp 600w, https:\/\/cbdmedicina.com\/wp-content\/uploads\/2025\/09\/Cannasen-pastilas-pret-infekcijam-1024x1024.webp 1024w, https:\/\/cbdmedicina.com\/wp-content\/uploads\/2025\/09\/Cannasen-pastilas-pret-infekcijam-768x768.webp 768w, https:\/\/cbdmedicina.com\/wp-content\/uploads\/2025\/09\/Cannasen-pastilas-pret-infekcijam-1536x1536.webp 1536w, https:\/\/cbdmedicina.com\/wp-content\/uploads\/2025\/09\/Cannasen-pastilas-pret-infekcijam-2048x2048.webp 2048w, https:\/\/cbdmedicina.com\/wp-content\/uploads\/2025\/09\/Cannasen-pastilas-pret-infekcijam-370x370.webp 370w, https:\/\/cbdmedicina.com\/wp-content\/uploads\/2025\/09\/Cannasen-pastilas-pret-infekcijam-90x90.webp 90w, https:\/\/cbdmedicina.com\/wp-content\/uploads\/2025\/09\/Cannasen-pastilas-pret-infekcijam-780x780.webp 780w, https:\/\/cbdmedicina.com\/wp-content\/uploads\/2025\/09\/Cannasen-pastilas-pret-infekcijam-390x390.webp 390w\" sizes=\"(max-width: 2492px) 100vw, 2492px\" \/>\t\t\t\t\t\t\t\t\t\t\t\t\t\t\t<\/div>\n\t\t\t\t<\/div>\n\t\t\t\t\t<\/div>\n\t\t<\/div>\n\t\t\t\t<div class=\"elementor-column elementor-col-33 elementor-top-column elementor-element elementor-element-6301ad2 sc_content_align_inherit sc_layouts_column_icons_position_left sc_fly_static\" data-id=\"6301ad2\" data-element_type=\"column\">\n\t\t\t<div class=\"elementor-widget-wrap\">\n\t\t\t\t\t\t\t<\/div>\n\t\t<\/div>\n\t\t\t\t<div data-animation-type=\"block\" class=\"elementor-column elementor-col-33 elementor-top-column elementor-element elementor-element-032643d sc_content_align_inherit sc_layouts_column_icons_position_left animation_type_block sc_fly_static elementor-invisible\" data-id=\"032643d\" data-element_type=\"column\" data-settings=\"{&quot;animation&quot;:&quot;fadeIn&quot;,&quot;background_background&quot;:&quot;classic&quot;}\">\n\t\t\t<div class=\"elementor-widget-wrap elementor-element-populated\">\n\t\t\t\t\t\t<div class=\"elementor-element elementor-element-1c2a456 sc_fly_static elementor-widget elementor-widget-trx_sc_title\" data-id=\"1c2a456\" data-element_type=\"widget\" data-widget_type=\"trx_sc_title.default\">\n\t\t\t\t<div class=\"elementor-widget-container\">\n\t\t\t\t\t<div\t\tclass=\"sc_title sc_title_default\"><h1 class=\"sc_item_title sc_title_title sc_item_title_style_default sc_item_title_tag\"\n\t\t\t><span class=\"sc_item_title_text\">CANNASEN\u00ae Apsaugin\u0117s pastil\u0117s nuo infekcij\u0173 su CBD N20<\/span><\/h1><\/div>\t\t\t\t<\/div>\n\t\t\t\t<\/div>\n\t\t\t\t<div class=\"elementor-element elementor-element-2f3e2aa elementor-widget-divider--view-line sc_fly_static elementor-widget elementor-widget-divider\" data-id=\"2f3e2aa\" data-element_type=\"widget\" data-widget_type=\"divider.default\">\n\t\t\t\t<div class=\"elementor-widget-container\">\n\t\t\t\t\t\t\t<div class=\"elementor-divider\">\n\t\t\t<span class=\"elementor-divider-separator\">\n\t\t\t\t\t\t<\/span>\n\t\t<\/div>\n\t\t\t\t\t\t<\/div>\n\t\t\t\t<\/div>\n\t\t\t\t<div class=\"elementor-element elementor-element-c93167d sc_fly_static elementor-widget elementor-widget-text-editor\" data-id=\"c93167d\" data-element_type=\"widget\" data-widget_type=\"text-editor.default\">\n\t\t\t\t<div class=\"elementor-widget-container\">\n\t\t\t\t\t\t\t\t\t<p data-start=\"141\" data-end=\"501\">CANNASEN\u00ae Apsaugin\u0117s pastil\u0117s nuo infekcij\u0173 yra gerkl\u0117s pastil\u0117s su unikaliu veikli\u0173j\u0173 med\u017eiag\u0173 kompleksu: arabine derva, \u0161altalanki\u0173 lap\u0173 ekstraktu ir hialurono r\u016bg\u0161timi. \u0160i\u0173 sudedam\u0173j\u0173 dali\u0173 derinys fizi\u0161kai palaiko nat\u016brali\u0105 burnos ir rykl\u0117s barjerin\u0119 funkcij\u0105 prie\u0161 infekcijas sukelian\u010dius virusus ir bakterijas. Tai pasiekiama padengiant burnos ir rykl\u0117s gleivin\u0119 apsaugine pl\u0117vele.<\/p>\t\t\t\t\t\t\t\t<\/div>\n\t\t\t\t<\/div>\n\t\t\t\t<div class=\"elementor-element elementor-element-7c2f4fa sc_height_small sc_fly_static elementor-widget elementor-widget-spacer\" data-id=\"7c2f4fa\" data-element_type=\"widget\" data-widget_type=\"spacer.default\">\n\t\t\t\t<div class=\"elementor-widget-container\">\n\t\t\t\t\t\t\t<div class=\"elementor-spacer\">\n\t\t\t<div class=\"elementor-spacer-inner\"><\/div>\n\t\t<\/div>\n\t\t\t\t\t\t<\/div>\n\t\t\t\t<\/div>\n\t\t\t\t<div class=\"elementor-element elementor-element-cc2df16 scheme_cannasen elementor-widget__width-initial sc_fly_static elementor-widget elementor-widget-trx_sc_button\" data-id=\"cc2df16\" data-element_type=\"widget\" data-widget_type=\"trx_sc_button.default\">\n\t\t\t\t<div class=\"elementor-widget-container\">\n\t\t\t\t\t<div\tclass=\"sc_item_button sc_button_wrap sc_align_left\"><a href=\"https:\/\/cbdmedicina.com\/lt\/produktas\/cannasen-apsaugines-pastiles-nuo-infekciju-20-vnt\/\" class=\"sc_button sc_button_default sc_button_size_normal sc_button_icon_right color_style_dark\"><span class=\"sc_button_text sc_align_right\"><span class=\"sc_button_title\">Pirkti Cannasen apsaugines pastiles<\/span><\/span><\/a><\/div>\t\t\t\t<\/div>\n\t\t\t\t<\/div>\n\t\t\t\t\t<\/div>\n\t\t<\/div>\n\t\t\t\t\t<\/div>\n\t\t<\/section>\n\t\t\t\t<section class=\"elementor-section elementor-top-section elementor-element elementor-element-c4f7284 elementor-section-content-middle elementor-section-boxed elementor-section-height-default elementor-section-height-default sc_fly_static\" data-id=\"c4f7284\" data-element_type=\"section\">\n\t\t\t\t\t\t<div class=\"elementor-container elementor-column-gap-default\">\n\t\t\t\t\t<div data-animation-type=\"block\" class=\"elementor-column elementor-col-33 elementor-top-column elementor-element elementor-element-e1ecae0 sc_content_align_inherit sc_layouts_column_icons_position_left animation_type_block sc_fly_static elementor-invisible\" data-id=\"e1ecae0\" data-element_type=\"column\" data-settings=\"{&quot;animation&quot;:&quot;fadeIn&quot;,&quot;background_background&quot;:&quot;classic&quot;}\">\n\t\t\t<div class=\"elementor-widget-wrap elementor-element-populated\">\n\t\t\t\t\t\t<div class=\"elementor-element elementor-element-0acc28c sc_fly_static elementor-widget elementor-widget-text-editor\" data-id=\"0acc28c\" data-element_type=\"widget\" data-widget_type=\"text-editor.default\">\n\t\t\t\t<div class=\"elementor-widget-container\">\n\t\t\t\t\t\t\t\t\t<h3 data-start=\"126\" data-end=\"179\"><strong data-start=\"130\" data-end=\"179\">Kam skirtos apsaugin\u0117s pastil\u0117s nuo infekcij\u0173<\/strong><\/h3>\n<ul data-start=\"181\" data-end=\"484\">\n<li data-start=\"181\" data-end=\"282\">\n<p data-start=\"183\" data-end=\"282\">Fizi\u0161kai apsaugo nuo virusini\u0173 ir bakterini\u0173 infekcij\u0173, padeda esant virusin\u0117s kilm\u0117s per\u0161alimui.<\/p>\n<\/li>\n<li data-start=\"283\" data-end=\"345\">\n<p data-start=\"285\" data-end=\"345\">Ramina saus\u0105 kosul\u012f ir saugo balso stygas, dr\u0117kina gerkl\u0119.<\/p>\n<\/li>\n<li data-start=\"346\" data-end=\"407\">\n<p data-start=\"348\" data-end=\"407\">Ma\u017eina gerkl\u0117s skausm\u0105, u\u017ekimim\u0105, nie\u017e\u0117jim\u0105 ir dirginim\u0105.<\/p>\n<\/li>\n<li data-start=\"408\" data-end=\"484\">\n<p data-start=\"410\" data-end=\"484\">Palengvina kosul\u012f ir gerkl\u0117s skausm\u0105, kur\u012f sukelia r\u016bkymas ar sausas oras.<\/p>\n<\/li>\n<\/ul>\n<h3 data-start=\"491\" data-end=\"537\"><strong data-start=\"495\" data-end=\"537\">Kv\u0117pavimo tak\u0173 infekcijos (per\u0161alimas)<\/strong><\/h3>\n<p data-start=\"539\" data-end=\"997\">\u012eprastas per\u0161alimas yra \u016bmin\u0117 vir\u0161utini\u0173 kv\u0117pavimo tak\u0173 infekcija, kuri\u0105 da\u017eniausiai sukelia virusai. Kv\u0117pavimo tak\u0173 infekcijos yra vienos da\u017eniausi\u0173 lig\u0173. Per\u0161alimas (\u012f grip\u0105 pana\u0161i infekcija), pasirei\u0161kiantis burnos ir rykl\u0117s u\u017edegimu, da\u017enai atsiranda po per\u0161alimo ar at\u0161alimo. Tipiniai simptomai \u2013 kosulys, sloga, u\u017ekimimas ir gerkl\u0117s skausmas. Antibiotikai da\u017enai yra neveiksmingi, nes jie veikia tik bakterijas, o daugum\u0105 \u0161i\u0173 infekcij\u0173 sukelia virusai.<\/p>\n<h3 data-start=\"1004\" data-end=\"1041\"><strong data-start=\"1008\" data-end=\"1041\">Infekcij\u0173 rizika (pandemijos)<\/strong><\/h3>\n<p data-start=\"1043\" data-end=\"1338\">Pastaraisiais metais padaug\u0117jo infekcij\u0173, kurias sukelia naujai atsirandantys virusai, nepriklausomai nuo met\u0173 laiko. Tokios infekcijos gali pasireik\u0161ti kar\u0161\u010diavimu ir simptomais, tokiais kaip gerkl\u0117s skausmas, sloga, kosulys, raumen\u0173 skausmas, s\u0105nari\u0173 skausmas, galvos skausmas ir viduriavimas.<\/p>\n<h3 data-start=\"1345\" data-end=\"1394\"><strong data-start=\"1349\" data-end=\"1394\">Virus\u0173 ir bakterij\u0173 patekimas \u012f organizm\u0105<\/strong><\/h3>\n<p data-start=\"1396\" data-end=\"1725\">Kai virusams ir bakterijoms pavyksta prisitvirtinti prie organizmo l\u0105steli\u0173 ir greitai daugintis, jie silpnina nat\u016brali\u0105 organizmo apsaug\u0105. D\u0117l to i\u0161sivysto \u012f grip\u0105 pana\u0161ios infekcijos (per\u0161alimas), pasirei\u0161kian\u010dios sloga, u\u017ekimimu ir kosuliu, taip pat bendros infekcijos, sukelian\u010dios kar\u0161\u010diavim\u0105 ir su juo susijusius simptomus.<\/p>\n<h3 data-start=\"1732\" data-end=\"1795\"><strong data-start=\"1736\" data-end=\"1795\">Kaip veikia CANNASEN\u00ae apsaugin\u0117s pastil\u0117s nuo infekcij\u0173<\/strong><\/h3>\n<p data-start=\"1797\" data-end=\"2072\">Pastilei i\u0161tirpus, ji padengia sudirgint\u0105 gleivin\u0119 apsaugine pl\u0117vele. Gleivin\u0117 nuraminama ir apsaugoma nuo tolesni\u0173 i\u0161orini\u0173 dirgikli\u0173. Be to, fizinis barjeras palaiko ir stiprina nat\u016brali\u0105 gleivin\u0117s apsaugin\u0119 funkcij\u0105, apsunkindamas bakterij\u0173 ir virus\u0173 patekim\u0105 \u012f organizm\u0105.<\/p>\n<p data-start=\"2074\" data-end=\"2137\">D\u0117l \u0161io fizinio veikimo mechanizmo nesusidaro atsparumo rizika.<\/p>\t\t\t\t\t\t\t\t<\/div>\n\t\t\t\t<\/div>\n\t\t\t\t\t<\/div>\n\t\t<\/div>\n\t\t\t\t<div class=\"elementor-column elementor-col-33 elementor-top-column elementor-element elementor-element-d782aa9 sc_content_align_inherit sc_layouts_column_icons_position_left sc_fly_static\" data-id=\"d782aa9\" data-element_type=\"column\">\n\t\t\t<div class=\"elementor-widget-wrap\">\n\t\t\t\t\t\t\t<\/div>\n\t\t<\/div>\n\t\t\t\t<div data-animation-type=\"block\" class=\"elementor-column elementor-col-33 elementor-top-column elementor-element elementor-element-758a4aa sc_content_align_inherit sc_layouts_column_icons_position_left animation_type_block sc_fly_static elementor-invisible\" data-id=\"758a4aa\" data-element_type=\"column\" data-settings=\"{&quot;animation&quot;:&quot;fadeIn&quot;,&quot;background_background&quot;:&quot;classic&quot;}\">\n\t\t\t<div class=\"elementor-widget-wrap elementor-element-populated\">\n\t\t\t\t\t\t<div class=\"elementor-element elementor-element-3352cff sc_fly_static elementor-widget elementor-widget-image\" data-id=\"3352cff\" data-element_type=\"widget\" data-widget_type=\"image.default\">\n\t\t\t\t<div class=\"elementor-widget-container\">\n\t\t\t\t\t\t\t\t\t\t\t\t\t\t\t<img decoding=\"async\" width=\"1032\" height=\"1200\" src=\"https:\/\/cbdmedicina.com\/wp-content\/uploads\/2025\/09\/pastilas-pret-infekcijam.jpg\" class=\"attachment-full size-full wp-image-11334\" alt=\"\" srcset=\"https:\/\/cbdmedicina.com\/wp-content\/uploads\/2025\/09\/pastilas-pret-infekcijam.jpg 1032w, https:\/\/cbdmedicina.com\/wp-content\/uploads\/2025\/09\/pastilas-pret-infekcijam-600x698.jpg 600w, https:\/\/cbdmedicina.com\/wp-content\/uploads\/2025\/09\/pastilas-pret-infekcijam-258x300.jpg 258w, https:\/\/cbdmedicina.com\/wp-content\/uploads\/2025\/09\/pastilas-pret-infekcijam-881x1024.jpg 881w, https:\/\/cbdmedicina.com\/wp-content\/uploads\/2025\/09\/pastilas-pret-infekcijam-768x893.jpg 768w, https:\/\/cbdmedicina.com\/wp-content\/uploads\/2025\/09\/pastilas-pret-infekcijam-370x430.jpg 370w, https:\/\/cbdmedicina.com\/wp-content\/uploads\/2025\/09\/pastilas-pret-infekcijam-780x907.jpg 780w, https:\/\/cbdmedicina.com\/wp-content\/uploads\/2025\/09\/pastilas-pret-infekcijam-390x453.jpg 390w\" sizes=\"(max-width: 1032px) 100vw, 1032px\" \/>\t\t\t\t\t\t\t\t\t\t\t\t\t\t\t<\/div>\n\t\t\t\t<\/div>\n\t\t\t\t\t<\/div>\n\t\t<\/div>\n\t\t\t\t\t<\/div>\n\t\t<\/section>\n\t\t\t\t<section class=\"elementor-section elementor-top-section elementor-element elementor-element-efad5ef elementor-section-boxed elementor-section-height-default elementor-section-height-default sc_fly_static\" data-id=\"efad5ef\" data-element_type=\"section\" data-settings=\"{&quot;background_background&quot;:&quot;classic&quot;}\">\n\t\t\t\t\t\t<div class=\"elementor-container elementor-column-gap-extended\">\n\t\t\t\t\t<div class=\"elementor-column elementor-col-100 elementor-top-column elementor-element elementor-element-66730ae sc_content_align_inherit sc_layouts_column_icons_position_left sc_fly_static\" data-id=\"66730ae\" data-element_type=\"column\">\n\t\t\t<div class=\"elementor-widget-wrap elementor-element-populated\">\n\t\t\t\t\t\t<div class=\"elementor-element elementor-element-641c29b elementor-tabs-view-horizontal sc_tabs_icon_position_left sc_fly_static elementor-widget elementor-widget-tabs\" data-id=\"641c29b\" data-element_type=\"widget\" data-widget_type=\"tabs.default\">\n\t\t\t\t<div class=\"elementor-widget-container\">\n\t\t\t\t\t\t\t<div class=\"elementor-tabs\">\n\t\t\t<div class=\"elementor-tabs-wrapper\" role=\"tablist\" >\n\t\t\t\t\t\t\t\t\t<div id=\"elementor-tab-title-1041\" class=\"elementor-tab-title elementor-tab-desktop-title\" aria-selected=\"true\" data-tab=\"1\" role=\"tab\" tabindex=\"0\" aria-controls=\"elementor-tab-content-1041\" aria-expanded=\"false\">Sudedamosios dalys<\/div>\n\t\t\t\t\t\t\t\t\t<div id=\"elementor-tab-title-1042\" class=\"elementor-tab-title elementor-tab-desktop-title\" aria-selected=\"false\" data-tab=\"2\" role=\"tab\" tabindex=\"-1\" aria-controls=\"elementor-tab-content-1042\" aria-expanded=\"false\">Vartojimas<\/div>\n\t\t\t\t\t\t\t<\/div>\n\t\t\t<div class=\"elementor-tabs-content-wrapper\" role=\"tablist\" aria-orientation=\"vertical\">\n\t\t\t\t\t\t\t\t\t<div class=\"elementor-tab-title elementor-tab-mobile-title\" aria-selected=\"true\" data-tab=\"1\" role=\"tab\" tabindex=\"0\" aria-controls=\"elementor-tab-content-1041\" aria-expanded=\"false\">Sudedamosios dalys<\/div>\n\t\t\t\t\t<div id=\"elementor-tab-content-1041\" class=\"elementor-tab-content elementor-clearfix\" data-tab=\"1\" role=\"tabpanel\" aria-labelledby=\"elementor-tab-title-1041\" tabindex=\"0\" hidden=\"false\"><p data-start=\"69\" data-end=\"123\">Arab\u0173 derva, \u0161altalanki\u0173 ekstraktas, hialurono r\u016bg\u0161tis.<\/p>\n<h5 data-start=\"139\" data-end=\"158\"><strong data-start=\"143\" data-end=\"158\">\u0160altalankis<\/strong><\/h5>\n<p data-start=\"160\" data-end=\"553\">\u0160altalankis kil\u0119s i\u0161 Himalaj\u0173 regiono. Uogose yra labai didelis vitamino A ir C kiekis, o lapai gaus\u016bs flavonoid\u0173 ir polifenoli\u0173 \u2013 stipri\u0173 antioksidant\u0173. Aktyvi apsauga nuo infekcij\u0173: \u0161iuolaikiniai tyrimai parod\u0117 \u0161altalanki\u0173 lap\u0173 potencial\u0105 apsaugant nuo virus\u0173 ir bakterij\u0173. CANNASEN\u00ae Infect Protect pastil\u0117se yra \u0161altalanki\u0173 lap\u0173 ekstrakto, kuris yra ypa\u010d turtingas polifenoliais (taninais).<\/p>\n<h5 data-start=\"560\" data-end=\"592\"><strong data-start=\"564\" data-end=\"592\">Kitos sudedamosios dalys<\/strong><\/h5>\n<p data-start=\"594\" data-end=\"785\">Maltitolis, sorbitolis, i\u0161grynintas vanduo, citrin\u0173 r\u016bg\u0161tis, nat\u016bral\u016bs kvapikliai, augalinis aliejus, sukraloz\u0117, mentolis.<br data-start=\"716\" data-end=\"719\" \/>Be konservant\u0173 ir da\u017eikli\u0173.<br data-start=\"746\" data-end=\"749\" \/>Be cukraus, be glitimo, be laktoz\u0117s.<\/p>\n<h5 data-start=\"792\" data-end=\"808\"><strong data-start=\"796\" data-end=\"808\">Laikymas<\/strong><\/h5>\n<p data-start=\"810\" data-end=\"875\">Laikyti sausoje vietoje, ne auk\u0161tesn\u0117je kaip 25 \u00b0C temperat\u016broje.<\/p><\/div>\n\t\t\t\t\t\t\t\t\t<div class=\"elementor-tab-title elementor-tab-mobile-title\" aria-selected=\"false\" data-tab=\"2\" role=\"tab\" tabindex=\"-1\" aria-controls=\"elementor-tab-content-1042\" aria-expanded=\"false\">Vartojimas<\/div>\n\t\t\t\t\t<div id=\"elementor-tab-content-1042\" class=\"elementor-tab-content elementor-clearfix\" data-tab=\"2\" role=\"tabpanel\" aria-labelledby=\"elementor-tab-title-1042\" tabindex=\"0\" hidden=\"hidden\"><h5 data-start=\"393\" data-end=\"415\">Lieto\u0161anas veids<\/h5>\n<p data-start=\"57\" data-end=\"90\">ablet\u0119 l\u0117tai i\u0161tirpinti burnoje.<\/p>\n<h5 data-start=\"92\" data-end=\"131\"><strong data-start=\"96\" data-end=\"131\">Dozavimo ir vartojimo nurodymai<\/strong><\/h5>\n<p data-start=\"133\" data-end=\"296\">I\u0161tirpinkite vien\u0105 pastil\u0119 burnoje. Nenurykite ir nekramtykite.<br data-start=\"196\" data-end=\"199\" \/>Did\u017eiausia doz\u0117 \u2013 ne daugiau kaip 3 pastil\u0117s per dien\u0105.<br data-start=\"254\" data-end=\"257\" \/>Nurodytos paros doz\u0117s vir\u0161yti negalima.<\/p>\n<p data-start=\"298\" data-end=\"362\" data-is-last-node=\"\" data-is-only-node=\"\">Prie\u0161 vartojim\u0105 atid\u017eiai perskaitykite naudojimo instrukcij\u0105 &gt;&gt;&gt;<\/p><\/div>\n\t\t\t\t\t\t\t<\/div>\n\t\t<\/div>\n\t\t\t\t\t\t<\/div>\n\t\t\t\t<\/div>\n\t\t\t\t\t<\/div>\n\t\t<\/div>\n\t\t\t\t\t<\/div>\n\t\t<\/section>\n\t\t\t\t<section class=\"elementor-section elementor-top-section elementor-element elementor-element-beaa818 elementor-section-boxed elementor-section-height-default elementor-section-height-default sc_fly_static\" data-id=\"beaa818\" data-element_type=\"section\">\n\t\t\t\t\t\t<div class=\"elementor-container elementor-column-gap-extended\">\n\t\t\t\t\t<div class=\"elementor-column elementor-col-100 elementor-top-column elementor-element elementor-element-d06241f sc_content_align_inherit sc_layouts_column_icons_position_left sc_fly_static\" data-id=\"d06241f\" data-element_type=\"column\">\n\t\t\t<div class=\"elementor-widget-wrap elementor-element-populated\">\n\t\t\t\t\t\t<div class=\"elementor-element elementor-element-a64ec4f sc_height_large sc_fly_static elementor-widget elementor-widget-spacer\" data-id=\"a64ec4f\" data-element_type=\"widget\" data-widget_type=\"spacer.default\">\n\t\t\t\t<div class=\"elementor-widget-container\">\n\t\t\t\t\t\t\t<div class=\"elementor-spacer\">\n\t\t\t<div class=\"elementor-spacer-inner\"><\/div>\n\t\t<\/div>\n\t\t\t\t\t\t<\/div>\n\t\t\t\t<\/div>\n\t\t\t\t\t<\/div>\n\t\t<\/div>\n\t\t\t\t\t<\/div>\n\t\t<\/section>\n\t\t\t\t<\/div>\n\t\t","protected":false},"excerpt":{"rendered":"<p>CANNASEN\u00ae Apsaugin\u0117s pastil\u0117s nuo infekcij\u0173 su CBD N20 CANNASEN\u00ae Apsaugin\u0117s pastil\u0117s nuo infekcij\u0173 yra gerkl\u0117s pastil\u0117s su unikaliu veikli\u0173j\u0173 med\u017eiag\u0173 kompleksu: arabine derva, \u0161altalanki\u0173 lap\u0173 ekstraktu ir hialurono r\u016bg\u0161timi. \u0160i\u0173 sudedam\u0173j\u0173 dali\u0173 derinys fizi\u0161kai palaiko nat\u016brali\u0105 burnos ir rykl\u0117s barjerin\u0119 funkcij\u0105 prie\u0161 infekcijas sukelian\u010dius virusus ir bakterijas. Tai pasiekiama padengiant burnos ir rykl\u0117s gleivin\u0119 apsaugine&hellip;<\/p>\n","protected":false},"author":1,"featured_media":0,"parent":0,"menu_order":0,"comment_status":"closed","ping_status":"closed","template":"","meta":{"pagelayer_contact_templates":[],"_pagelayer_content":"","footnotes":""},"class_list":["post-11335","page","type-page","status-publish","hentry"],"_links":{"self":[{"href":"https:\/\/cbdmedicina.com\/lt\/wp-json\/wp\/v2\/pages\/11335","targetHints":{"allow":["GET"]}}],"collection":[{"href":"https:\/\/cbdmedicina.com\/lt\/wp-json\/wp\/v2\/pages"}],"about":[{"href":"https:\/\/cbdmedicina.com\/lt\/wp-json\/wp\/v2\/types\/page"}],"author":[{"embeddable":true,"href":"https:\/\/cbdmedicina.com\/lt\/wp-json\/wp\/v2\/users\/1"}],"replies":[{"embeddable":true,"href":"https:\/\/cbdmedicina.com\/lt\/wp-json\/wp\/v2\/comments?post=11335"}],"version-history":[{"count":8,"href":"https:\/\/cbdmedicina.com\/lt\/wp-json\/wp\/v2\/pages\/11335\/revisions"}],"predecessor-version":[{"id":11572,"href":"https:\/\/cbdmedicina.com\/lt\/wp-json\/wp\/v2\/pages\/11335\/revisions\/11572"}],"wp:attachment":[{"href":"https:\/\/cbdmedicina.com\/lt\/wp-json\/wp\/v2\/media?parent=11335"}],"curies":[{"name":"wp","href":"https:\/\/api.w.org\/{rel}","templated":true}]}}